{"id":6383,"date":"2025-09-08T14:12:36","date_gmt":"2025-09-08T13:12:36","guid":{"rendered":"https:\/\/dietpartner.shop\/?post_type=product&#038;p=6383"},"modified":"2025-09-08T14:12:36","modified_gmt":"2025-09-08T13:12:36","slug":"l-carnitine-xs-4000-par-ronnie-coleman-signature-series","status":"publish","type":"product","link":"https:\/\/dietpartner.shop\/?product=l-carnitine-xs-4000-par-ronnie-coleman-signature-series","title":{"rendered":"L-Carnitine XS 4000 par Ronnie Coleman Signature Series"},"content":{"rendered":"<p dir=\"ltr\" data-pm-slice=\"1 1 []\">L-Carnitine XS 4000 par Ronnie Coleman Signature Series est un suppl\u00e9ment liquide haut de gamme qui transforme votre approche de la perte de graisse et de la performance physique. Chaque dose de 15 ml fournit 4000 mg de L-Carnitine pure, un acide amin\u00e9 cl\u00e9 qui transporte les acides gras \u00e0 longue cha\u00eene vers les mitochondries pour les convertir en \u00e9nergie, favorisant ainsi la combustion des graisses sans stimulants. Enrichi en acide pantoth\u00e9nique (vitamine B5), ce produit soutient le m\u00e9tabolisme des macronutriments et la sant\u00e9 cellulaire, tout en minimisant l\u2019accumulation de graisse autour des muscles, du c\u0153ur et du foie. Disponible en saveurs rafra\u00eechissantes comme Apple Bomb, Ruby Red Fruit et Berry Blast, sans sucres ni glucides, il s\u2019int\u00e8gre parfaitement \u00e0 tout r\u00e9gime alimentaire, y compris keto. Prenez une cuill\u00e8re \u00e0 soupe avant l\u2019entra\u00eenement ou avec votre boisson pr\u00e9f\u00e9r\u00e9e pour maximiser l\u2019endurance, acc\u00e9l\u00e9rer la r\u00e9cup\u00e9ration et sculpter un physique plus sec. Soutenu par la l\u00e9gende du bodybuilding Ronnie Coleman, L-Carnitine XS 4000 est votre alli\u00e9 pour des r\u00e9sultats optimaux en fitness !<\/p>\n","protected":false},"excerpt":{"rendered":"<p dir=\"ltr\" data-pm-slice=\"1 1 []\">L-Carnitine XS 4000 de Ronnie Coleman est un suppl\u00e9ment liquide puissant avec 4000 mg de L-Carnitine par dose, con\u00e7u pour br\u00fbler les graisses, booster l\u2019\u00e9nergie et soutenir la force musculaire maigre. Savourez ses d\u00e9licieuses saveurs comme Berry Blast pour une int\u00e9gration facile \u00e0 votre routine fitness !<\/p>\n","protected":false},"featured_media":6376,"template":"","meta":{"site-sidebar-layout":"default","site-content-layout":"","ast-site-content-layout":"default","site-content-style":"default","site-sidebar-style":"default","ast-global-header-display":"","ast-banner-title-visibility":"","ast-main-header-display":"","ast-hfb-above-header-display":"","ast-hfb-below-header-display":"","ast-hfb-mobile-header-display":"","site-post-title":"","ast-breadcrumbs-content":"","ast-featured-img":"","footer-sml-layout":"","theme-transparent-header-meta":"default","adv-header-id-meta":"","stick-header-meta":"","header-above-stick-meta":"","header-main-stick-meta":"","header-below-stick-meta":"","astra-migrate-meta-layouts":"set","ast-page-background-enabled":"default","ast-page-background-meta":{"desktop":{"background-color":"","background-image":"","background-repeat":"repeat","background-position":"center center","background-size":"auto","background-attachment":"scroll","background-type":"","background-media":"","overlay-type":"","overlay-color":"","overlay-opacity":"","overlay-gradient":""},"tablet":{"background-color":"","background-image":"","background-repeat":"repeat","background-position":"center center","background-size":"auto","background-attachment":"scroll","background-type":"","background-media":"","overlay-type":"","overlay-color":"","overlay-opacity":"","overlay-gradient":""},"mobile":{"background-color":"","background-image":"","background-repeat":"repeat","background-position":"center center","background-size":"auto","background-attachment":"scroll","background-type":"","background-media":"","overlay-type":"","overlay-color":"","overlay-opacity":"","overlay-gradient":""}},"ast-content-background-meta":{"desktop":{"background-color":"var(--ast-global-color-5)","background-image":"","background-repeat":"repeat","background-position":"center center","background-size":"auto","background-attachment":"scroll","background-type":"","background-media":"","overlay-type":"","overlay-color":"","overlay-opacity":"","overlay-gradient":""},"tablet":{"background-color":"var(--ast-global-color-5)","background-image":"","background-repeat":"repeat","background-position":"center center","background-size":"auto","background-attachment":"scroll","background-type":"","background-media":"","overlay-type":"","overlay-color":"","overlay-opacity":"","overlay-gradient":""},"mobile":{"background-color":"var(--ast-global-color-5)","background-image":"","background-repeat":"repeat","background-position":"center center","background-size":"auto","background-attachment":"scroll","background-type":"","background-media":"","overlay-type":"","overlay-color":"","overlay-opacity":"","overlay-gradient":""}}},"product_brand":[],"product_cat":[60,58],"product_tag":[],"class_list":{"0":"post-6383","1":"product","2":"type-product","3":"status-publish","4":"has-post-thumbnail","6":"product_cat-bruleurs-de-graisse","7":"product_cat-produits","8":"desktop-align-center","9":"tablet-align-center","10":"mobile-align-center","12":"first","13":"instock","14":"shipping-taxable","15":"purchasable","16":"product-type-simple"},"_links":{"self":[{"href":"https:\/\/dietpartner.shop\/index.php?rest_route=\/wp\/v2\/product\/6383","targetHints":{"allow":["GET"]}}],"collection":[{"href":"https:\/\/dietpartner.shop\/index.php?rest_route=\/wp\/v2\/product"}],"about":[{"href":"https:\/\/dietpartner.shop\/index.php?rest_route=\/wp\/v2\/types\/product"}],"wp:featuredmedia":[{"embeddable":true,"href":"https:\/\/dietpartner.shop\/index.php?rest_route=\/wp\/v2\/media\/6376"}],"wp:attachment":[{"href":"https:\/\/dietpartner.shop\/index.php?rest_route=%2Fwp%2Fv2%2Fmedia&parent=6383"}],"wp:term":[{"taxonomy":"product_brand","embeddable":true,"href":"https:\/\/dietpartner.shop\/index.php?rest_route=%2Fwp%2Fv2%2Fproduct_brand&post=6383"},{"taxonomy":"product_cat","embeddable":true,"href":"https:\/\/dietpartner.shop\/index.php?rest_route=%2Fwp%2Fv2%2Fproduct_cat&post=6383"},{"taxonomy":"product_tag","embeddable":true,"href":"https:\/\/dietpartner.shop\/index.php?rest_route=%2Fwp%2Fv2%2Fproduct_tag&post=6383"}],"curies":[{"name":"wp","href":"https:\/\/api.w.org\/{rel}","templated":true}]}}