{"id":6473,"date":"2025-11-05T19:45:50","date_gmt":"2025-11-05T18:45:50","guid":{"rendered":"https:\/\/dietpartner.shop\/?post_type=product&#038;p=6473"},"modified":"2025-11-05T19:45:50","modified_gmt":"2025-11-05T18:45:50","slug":"100-pure-whey-biotechusa","status":"publish","type":"product","link":"https:\/\/dietpartner.shop\/?product=100-pure-whey-biotechusa","title":{"rendered":"100% Pure Whey BioTechUsa"},"content":{"rendered":"<div class=\"pickup-box \">\n<div class=\"product-info\">\n<div class=\"certifications\">\n<div class=\"row justify-content-center\">\n<div class=\"col-3\"><img decoding=\"async\" class=\"img-fluid\" src=\"https:\/\/www.housenutrition.tn\/storage\/uploads\/brands\/certificates\/iso%209001.webp-677e7b9ba5a65.webp\" alt=\"\" width=\"174\" height=\"174\" \/> \u00a0<img decoding=\"async\" class=\"img-fluid\" src=\"https:\/\/www.housenutrition.tn\/storage\/uploads\/brands\/certificates\/FSSC.webp-677e7c27c36af.webp\" alt=\"\" width=\"182\" height=\"182\" \/> \u00a0<img decoding=\"async\" class=\"img-fluid\" src=\"https:\/\/www.housenutrition.tn\/storage\/uploads\/brands\/certificates\/GMP.webp-677e7d55ed045.webp\" alt=\"\" width=\"190\" height=\"190\" \/><img loading=\"lazy\" decoding=\"async\" class=\"img-fluid\" src=\"https:\/\/www.housenutrition.tn\/storage\/uploads\/brands\/certificates\/HALAL.webp-677e7f0d18c8b.webp\" alt=\"\" width=\"208\" height=\"208\" \/><\/div>\n<\/div>\n<\/div>\n<\/div>\n<\/div>\n<div>\n<div id=\"accordionExample\" class=\"accordion\">\n<div class=\"accordion-item\">\n<div id=\"collapseOne\" class=\"accordion-collapse collapse show\" aria-labelledby=\"headingOne\" data-bs-parent=\"#accordionExample\">\n<div class=\"accordion-body \">\n<p data-start=\"235\" data-end=\"321\">\ud83d\udcaa\u00a0<strong data-start=\"238\" data-end=\"319\">100% PURE WHEY 1KG \u2013 La prot\u00e9ine essentielle pour progresser sans compromis !<\/strong><\/p>\n<p data-start=\"323\" data-end=\"649\">Formul\u00e9e uniquement \u00e0 partir de\u00a0<strong data-start=\"355\" data-end=\"398\">prot\u00e9ine de lactos\u00e9rum de haute qualit\u00e9<\/strong>, cette whey t\u2019apporte\u00a0<strong data-start=\"421\" data-end=\"460\">41g de prot\u00e9ines par portion de 56g<\/strong>, avec un profil riche en\u00a0<strong data-start=\"486\" data-end=\"521\">BCAA &amp; acides amin\u00e9s essentiels<\/strong>\u00a0pour :<br data-start=\"528\" data-end=\"531\" \/>\u2705\u00a0<strong data-start=\"533\" data-end=\"561\">Construire du muscle sec<\/strong><br data-start=\"561\" data-end=\"564\" \/>\u2705\u00a0<strong data-start=\"566\" data-end=\"609\">Acc\u00e9l\u00e9rer la r\u00e9cup\u00e9ration post-training<\/strong><br data-start=\"609\" data-end=\"612\" \/>\u2705\u00a0<strong data-start=\"614\" data-end=\"647\">R\u00e9duire la fatigue musculaire<\/strong><\/p>\n<p data-start=\"651\" data-end=\"919\">\ud83d\ude80 Gr\u00e2ce \u00e0 sa\u00a0<strong data-start=\"665\" data-end=\"697\">digestion rapide et optimale<\/strong>, elle nourrit imm\u00e9diatement tes muscles apr\u00e8s l\u2019effort pour maximiser la r\u00e9g\u00e9n\u00e9ration.<br data-start=\"784\" data-end=\"787\" \/>\ud83d\udd25\u00a0<strong data-start=\"790\" data-end=\"824\">Faible en sucres &amp; en graisses<\/strong>, elle est id\u00e9ale pour ceux qui suivent un r\u00e9gime strict ou veulent contr\u00f4ler leurs calories.<\/p>\n<p data-start=\"921\" data-end=\"1076\">Pratique et polyvalente, tu peux la consommer en\u00a0<strong data-start=\"970\" data-end=\"988\">shake onctueux<\/strong>, l\u2019ajouter \u00e0 tes\u00a0<strong data-start=\"1006\" data-end=\"1019\">smoothies<\/strong>\u00a0ou m\u00eame l\u2019int\u00e9grer dans tes\u00a0<strong data-start=\"1048\" data-end=\"1068\">recettes fitness<\/strong>\u00a0\ud83c\udf6a\ud83e\udd64.<\/p>\n<p data-start=\"61\" data-end=\"621\">\n<p data-start=\"1078\" data-end=\"1258\">\ud83d\udc49 Avec son format\u00a0<strong data-start=\"1097\" data-end=\"1115\">1kg \u00e9conomique<\/strong>, 100% PURE WHEY est ton alli\u00e9e pour booster tes performances, optimiser la r\u00e9cup\u00e9ration et atteindre tes objectifs de musculation plus vite.<\/p>\n<\/div>\n<\/div>\n<\/div>\n<\/div>\n<\/div>\n","protected":false},"excerpt":{"rendered":"<p>100% PURE WHEY 1KG : 41g de prot\u00e9ines pures par dose, riche en BCAA Id\u00e9ale pour prise de muscle sec, r\u00e9cup\u00e9ration rapide et performance sportive.<\/p>\n","protected":false},"featured_media":6474,"template":"","meta":{"site-sidebar-layout":"default","site-content-layout":"","ast-site-content-layout":"default","site-content-style":"default","site-sidebar-style":"default","ast-global-header-display":"","ast-banner-title-visibility":"","ast-main-header-display":"","ast-hfb-above-header-display":"","ast-hfb-below-header-display":"","ast-hfb-mobile-header-display":"","site-post-title":"","ast-breadcrumbs-content":"","ast-featured-img":"","footer-sml-layout":"","theme-transparent-header-meta":"default","adv-header-id-meta":"","stick-header-meta":"","header-above-stick-meta":"","header-main-stick-meta":"","header-below-stick-meta":"","astra-migrate-meta-layouts":"set","ast-page-background-enabled":"default","ast-page-background-meta":{"desktop":{"background-color":"","background-image":"","background-repeat":"repeat","background-position":"center center","background-size":"auto","background-attachment":"scroll","background-type":"","background-media":"","overlay-type":"","overlay-color":"","overlay-opacity":"","overlay-gradient":""},"tablet":{"background-color":"","background-image":"","background-repeat":"repeat","background-position":"center center","background-size":"auto","background-attachment":"scroll","background-type":"","background-media":"","overlay-type":"","overlay-color":"","overlay-opacity":"","overlay-gradient":""},"mobile":{"background-color":"","background-image":"","background-repeat":"repeat","background-position":"center center","background-size":"auto","background-attachment":"scroll","background-type":"","background-media":"","overlay-type":"","overlay-color":"","overlay-opacity":"","overlay-gradient":""}},"ast-content-background-meta":{"desktop":{"background-color":"var(--ast-global-color-5)","background-image":"","background-repeat":"repeat","background-position":"center center","background-size":"auto","background-attachment":"scroll","background-type":"","background-media":"","overlay-type":"","overlay-color":"","overlay-opacity":"","overlay-gradient":""},"tablet":{"background-color":"var(--ast-global-color-5)","background-image":"","background-repeat":"repeat","background-position":"center center","background-size":"auto","background-attachment":"scroll","background-type":"","background-media":"","overlay-type":"","overlay-color":"","overlay-opacity":"","overlay-gradient":""},"mobile":{"background-color":"var(--ast-global-color-5)","background-image":"","background-repeat":"repeat","background-position":"center center","background-size":"auto","background-attachment":"scroll","background-type":"","background-media":"","overlay-type":"","overlay-color":"","overlay-opacity":"","overlay-gradient":""}}},"product_brand":[62],"product_cat":[58,59],"product_tag":[],"class_list":{"0":"post-6473","1":"product","2":"type-product","3":"status-publish","4":"has-post-thumbnail","6":"product_brand-biotech-usa","7":"product_cat-produits","8":"product_cat-whey-proteine","9":"desktop-align-center","10":"tablet-align-center","11":"mobile-align-center","13":"first","14":"instock","15":"shipping-taxable","16":"purchasable","17":"product-type-simple"},"_links":{"self":[{"href":"https:\/\/dietpartner.shop\/index.php?rest_route=\/wp\/v2\/product\/6473","targetHints":{"allow":["GET"]}}],"collection":[{"href":"https:\/\/dietpartner.shop\/index.php?rest_route=\/wp\/v2\/product"}],"about":[{"href":"https:\/\/dietpartner.shop\/index.php?rest_route=\/wp\/v2\/types\/product"}],"wp:featuredmedia":[{"embeddable":true,"href":"https:\/\/dietpartner.shop\/index.php?rest_route=\/wp\/v2\/media\/6474"}],"wp:attachment":[{"href":"https:\/\/dietpartner.shop\/index.php?rest_route=%2Fwp%2Fv2%2Fmedia&parent=6473"}],"wp:term":[{"taxonomy":"product_brand","embeddable":true,"href":"https:\/\/dietpartner.shop\/index.php?rest_route=%2Fwp%2Fv2%2Fproduct_brand&post=6473"},{"taxonomy":"product_cat","embeddable":true,"href":"https:\/\/dietpartner.shop\/index.php?rest_route=%2Fwp%2Fv2%2Fproduct_cat&post=6473"},{"taxonomy":"product_tag","embeddable":true,"href":"https:\/\/dietpartner.shop\/index.php?rest_route=%2Fwp%2Fv2%2Fproduct_tag&post=6473"}],"curies":[{"name":"wp","href":"https:\/\/api.w.org\/{rel}","templated":true}]}}