{"id":6479,"date":"2025-11-05T19:57:21","date_gmt":"2025-11-05T18:57:21","guid":{"rendered":"https:\/\/dietpartner.shop\/?post_type=product&#038;p=6479"},"modified":"2025-11-05T19:57:33","modified_gmt":"2025-11-05T18:57:33","slug":"eaa-zero-350gr","status":"publish","type":"product","link":"https:\/\/dietpartner.shop\/?product=eaa-zero-350gr","title":{"rendered":"EAA ZERO 350GR"},"content":{"rendered":"<p>\u26a1\u00a0<strong data-start=\"162\" data-end=\"195\">EAA Zero \u2013 350 g | BioTechUSA<br \/>\n<\/strong>\ud83d\udcaa Boostez vos muscles, votre r\u00e9cup\u00e9ration et vos performances<\/p>\n<p data-start=\"268\" data-end=\"546\"><strong data-start=\"268\" data-end=\"280\">EAA Zero<\/strong>\u00a0est un compl\u00e9ment \u00e0 base d\u2019<strong data-start=\"308\" data-end=\"342\">acides amin\u00e9s essentiels (EAA)<\/strong>, indispensables \u00e0 la construction et \u00e0 la r\u00e9g\u00e9n\u00e9ration musculaire. Ces \u00e9l\u00e9ments nutritifs ne peuvent pas \u00eatre synth\u00e9tis\u00e9s par l\u2019organisme et doivent \u00eatre apport\u00e9s par l\u2019alimentation ou les compl\u00e9ments.<\/p>\n<p data-start=\"548\" data-end=\"794\">Que vous soyez\u00a0<strong data-start=\"563\" data-end=\"583\">sportif intensif<\/strong>\u00a0ou que vous ayez un apport prot\u00e9ique insuffisant,\u00a0<strong data-start=\"634\" data-end=\"646\">EAA Zero<\/strong>\u00a0apporte\u00a0<strong data-start=\"655\" data-end=\"706\">7\u202f160 mg d\u2019acides amin\u00e9s essentiels par portion<\/strong>, pour soutenir vos muscles, votre m\u00e9tabolisme et m\u00eame vos performances mentales \ud83e\udde0\ud83d\udca5.<\/p>\n<hr data-start=\"796\" data-end=\"799\" \/>\n<p>\ud83c\udf1f\u00a0<strong data-start=\"808\" data-end=\"841\">Les avantages cl\u00e9s d\u2019EAA Zero<\/strong><\/p>\n<p data-start=\"842\" data-end=\"1309\">\u2705\u00a0<strong data-start=\"844\" data-end=\"874\">Soutien musculaire complet<\/strong>\u00a0: combinaison de BCAA et glutamine proche du ratio 1:1<br data-start=\"929\" data-end=\"932\" \/>\u2705\u00a0<strong data-start=\"934\" data-end=\"957\">Proportion parfaite<\/strong>\u00a0: formul\u00e9 selon le ratio d\u2019acides amin\u00e9s essentiels recommand\u00e9 par l\u2019OMS<br data-start=\"1030\" data-end=\"1033\" \/>\u2705\u00a0<strong data-start=\"1035\" data-end=\"1053\">Z\u00e9ro compromis<\/strong>\u00a0: sans sucre, sans gluten \ud83c\udf31<br data-start=\"1082\" data-end=\"1085\" \/>\u2705\u00a0<strong data-start=\"1087\" data-end=\"1110\">Performance globale<\/strong>\u00a0: contribue \u00e0 la r\u00e9g\u00e9n\u00e9ration musculaire, au bon fonctionnement du syst\u00e8me immunitaire et au m\u00e9tabolisme<br data-start=\"1215\" data-end=\"1218\" \/>\u2705\u00a0<strong data-start=\"1220\" data-end=\"1243\">Go\u00fbt rafra\u00eechissant<\/strong>\u00a0: saveurs fruit\u00e9es et agr\u00e9ables pour une exp\u00e9rience quotidienne<\/p>\n<hr data-start=\"1311\" data-end=\"1314\" \/>\n<p>\ud83e\uddfe\u00a0<strong data-start=\"1323\" data-end=\"1374\">Informations nutritionnelles (par portion 14 g)<\/strong><\/p>\n<ul data-start=\"1375\" data-end=\"1500\">\n<li data-start=\"1375\" data-end=\"1397\">\n<p data-start=\"1377\" data-end=\"1397\">\u00c9nergie : 227 kCal<\/p>\n<\/li>\n<li data-start=\"1398\" data-end=\"1419\">\n<p data-start=\"1400\" data-end=\"1419\">Prot\u00e9ines : 9,8 g<\/p>\n<\/li>\n<li data-start=\"1420\" data-end=\"1462\">\n<p data-start=\"1422\" data-end=\"1462\">Glucides : 1,1 g (dont sucres : 0,1 g)<\/p>\n<\/li>\n<li data-start=\"1463\" data-end=\"1483\">\n<p data-start=\"1465\" data-end=\"1483\">Lipides : 0,04 g<\/p>\n<\/li>\n<li data-start=\"1484\" data-end=\"1500\">\n<p data-start=\"1486\" data-end=\"1500\">Sel : 0,02 g<\/p>\n<\/li>\n<\/ul>\n<p data-start=\"1502\" data-end=\"1610\"><em data-start=\"1502\" data-end=\"1608\">Produit pr\u00e9par\u00e9 conform\u00e9ment aux standards BioTechUSA, garantissant\u00a0<strong data-start=\"1571\" data-end=\"1606\">qualit\u00e9, s\u00e9curit\u00e9 et efficacit\u00e9<\/strong>.<\/em><\/p>\n<p>&nbsp;<\/p>\n<hr data-start=\"1612\" data-end=\"1615\" \/>\n<p>\ud83e\udd64\u00a0<strong data-start=\"1624\" data-end=\"1655\">Comment utiliser EAA Zero ?<\/strong><\/p>\n<p>&nbsp;<\/p>\n<p data-start=\"1656\" data-end=\"1818\">M\u00e9langer\u00a0<strong data-start=\"1665\" data-end=\"1682\">1 dose (14 g)<\/strong>\u00a0dans\u00a0<strong data-start=\"1688\" data-end=\"1708\">250\u2013300 ml d\u2019eau<\/strong>\u00a0et consommer avant, pendant ou apr\u00e8s l\u2019entra\u00eenement pour soutenir vos muscles et optimiser la r\u00e9cup\u00e9ration.<\/p>\n<hr data-start=\"1820\" data-end=\"1823\" \/>\n<p>\u26a0\ufe0f\u00a0<strong data-start=\"1832\" data-end=\"1847\">Pr\u00e9cautions<\/strong><\/p>\n<ul data-start=\"1848\" data-end=\"2024\">\n<li data-start=\"1848\" data-end=\"1900\">\n<p data-start=\"1850\" data-end=\"1900\">Ne pas d\u00e9passer la dose journali\u00e8re recommand\u00e9e.<\/p>\n<\/li>\n<li data-start=\"1901\" data-end=\"1938\">\n<p data-start=\"1903\" data-end=\"1938\">Tenir hors de port\u00e9e des enfants.<\/p>\n<\/li>\n<li data-start=\"1939\" data-end=\"2024\">\n<p data-start=\"1941\" data-end=\"2024\">\u00c0 consommer dans le cadre d\u2019une alimentation \u00e9quilibr\u00e9e et d\u2019un mode de vie sain.<\/p>\n<\/li>\n<\/ul>\n","protected":false},"excerpt":{"rendered":"<p>EAA Zero \u2013 BioTechUSA : 7\u202f160 mg d\u2019acides amin\u00e9s essentiels par portion. Z\u00e9ro sucre, z\u00e9ro gluten, go\u00fbt fruit\u00e9. Optimise la r\u00e9cup\u00e9ration, la construction musculaire et les performances.<\/p>\n","protected":false},"featured_media":6481,"template":"","meta":{"site-sidebar-layout":"default","site-content-layout":"","ast-site-content-layout":"default","site-content-style":"default","site-sidebar-style":"default","ast-global-header-display":"","ast-banner-title-visibility":"","ast-main-header-display":"","ast-hfb-above-header-display":"","ast-hfb-below-header-display":"","ast-hfb-mobile-header-display":"","site-post-title":"","ast-breadcrumbs-content":"","ast-featured-img":"","footer-sml-layout":"","theme-transparent-header-meta":"default","adv-header-id-meta":"","stick-header-meta":"","header-above-stick-meta":"","header-main-stick-meta":"","header-below-stick-meta":"","astra-migrate-meta-layouts":"set","ast-page-background-enabled":"default","ast-page-background-meta":{"desktop":{"background-color":"","background-image":"","background-repeat":"repeat","background-position":"center center","background-size":"auto","background-attachment":"scroll","background-type":"","background-media":"","overlay-type":"","overlay-color":"","overlay-opacity":"","overlay-gradient":""},"tablet":{"background-color":"","background-image":"","background-repeat":"repeat","background-position":"center center","background-size":"auto","background-attachment":"scroll","background-type":"","background-media":"","overlay-type":"","overlay-color":"","overlay-opacity":"","overlay-gradient":""},"mobile":{"background-color":"","background-image":"","background-repeat":"repeat","background-position":"center center","background-size":"auto","background-attachment":"scroll","background-type":"","background-media":"","overlay-type":"","overlay-color":"","overlay-opacity":"","overlay-gradient":""}},"ast-content-background-meta":{"desktop":{"background-color":"var(--ast-global-color-5)","background-image":"","background-repeat":"repeat","background-position":"center center","background-size":"auto","background-attachment":"scroll","background-type":"","background-media":"","overlay-type":"","overlay-color":"","overlay-opacity":"","overlay-gradient":""},"tablet":{"background-color":"var(--ast-global-color-5)","background-image":"","background-repeat":"repeat","background-position":"center center","background-size":"auto","background-attachment":"scroll","background-type":"","background-media":"","overlay-type":"","overlay-color":"","overlay-opacity":"","overlay-gradient":""},"mobile":{"background-color":"var(--ast-global-color-5)","background-image":"","background-repeat":"repeat","background-position":"center center","background-size":"auto","background-attachment":"scroll","background-type":"","background-media":"","overlay-type":"","overlay-color":"","overlay-opacity":"","overlay-gradient":""}}},"product_brand":[62],"product_cat":[75,58],"product_tag":[],"class_list":{"0":"post-6479","1":"product","2":"type-product","3":"status-publish","4":"has-post-thumbnail","6":"product_brand-biotech-usa","7":"product_cat-acides-amines-tunisie","8":"product_cat-produits","9":"desktop-align-center","10":"tablet-align-center","11":"mobile-align-center","13":"first","14":"instock","15":"shipping-taxable","16":"purchasable","17":"product-type-simple"},"_links":{"self":[{"href":"https:\/\/dietpartner.shop\/index.php?rest_route=\/wp\/v2\/product\/6479","targetHints":{"allow":["GET"]}}],"collection":[{"href":"https:\/\/dietpartner.shop\/index.php?rest_route=\/wp\/v2\/product"}],"about":[{"href":"https:\/\/dietpartner.shop\/index.php?rest_route=\/wp\/v2\/types\/product"}],"wp:featuredmedia":[{"embeddable":true,"href":"https:\/\/dietpartner.shop\/index.php?rest_route=\/wp\/v2\/media\/6481"}],"wp:attachment":[{"href":"https:\/\/dietpartner.shop\/index.php?rest_route=%2Fwp%2Fv2%2Fmedia&parent=6479"}],"wp:term":[{"taxonomy":"product_brand","embeddable":true,"href":"https:\/\/dietpartner.shop\/index.php?rest_route=%2Fwp%2Fv2%2Fproduct_brand&post=6479"},{"taxonomy":"product_cat","embeddable":true,"href":"https:\/\/dietpartner.shop\/index.php?rest_route=%2Fwp%2Fv2%2Fproduct_cat&post=6479"},{"taxonomy":"product_tag","embeddable":true,"href":"https:\/\/dietpartner.shop\/index.php?rest_route=%2Fwp%2Fv2%2Fproduct_tag&post=6479"}],"curies":[{"name":"wp","href":"https:\/\/api.w.org\/{rel}","templated":true}]}}