{"id":6484,"date":"2025-11-05T19:59:31","date_gmt":"2025-11-05T18:59:31","guid":{"rendered":"https:\/\/dietpartner.shop\/?post_type=product&#038;p=6484"},"modified":"2025-11-05T20:01:44","modified_gmt":"2025-11-05T19:01:44","slug":"brutal-anadrol-90-mega-tabs","status":"publish","type":"product","link":"https:\/\/dietpartner.shop\/?product=brutal-anadrol-90-mega-tabs","title":{"rendered":"BRUTAL ANADROL 90 MEGA TABS"},"content":{"rendered":"<h2 data-start=\"172\" data-end=\"211\">\ud83d\udca5\u00a0<strong data-start=\"178\" data-end=\"209\">Brutal Anadrol \u2013 BioTechUSA<\/strong><\/h2>\n<p data-start=\"212\" data-end=\"304\"><strong data-start=\"212\" data-end=\"304\">Boostez vos performances, votre puissance et votre taux de testost\u00e9rone naturellement \ud83d\udd25<\/strong><\/p>\n<p data-start=\"306\" data-end=\"695\"><strong data-start=\"306\" data-end=\"324\">Brutal Anadrol<\/strong>\u00a0de\u00a0<strong data-start=\"328\" data-end=\"342\">BioTechUSA<\/strong>\u00a0est\u00a0<strong data-start=\"347\" data-end=\"405\">le compl\u00e9ment explosif con\u00e7u pour les hommes ambitieux<\/strong>\u00a0\ud83d\udcaa \u2014 ceux qui veulent repousser leurs limites \u00e0 chaque entra\u00eenement et maximiser leur potentiel musculaire.<br data-start=\"513\" data-end=\"516\" \/>Gr\u00e2ce \u00e0 sa\u00a0<strong data-start=\"527\" data-end=\"577\">formule ultra compl\u00e8te \u00e0 24 ingr\u00e9dients actifs<\/strong>, il combine la\u00a0<strong data-start=\"593\" data-end=\"615\">force de la nature<\/strong>\u00a0et la\u00a0<strong data-start=\"622\" data-end=\"651\">science de la performance<\/strong>\u00a0pour des r\u00e9sultats concrets et durables \u26a1<\/p>\n<hr data-start=\"697\" data-end=\"700\" \/>\n<h3 data-start=\"702\" data-end=\"766\">\u2699\ufe0f\u00a0<strong data-start=\"709\" data-end=\"766\">Une formule compl\u00e8te pour des performances brutales :<\/strong><\/h3>\n<p data-start=\"767\" data-end=\"1258\">\ud83d\udd25\u00a0<strong data-start=\"770\" data-end=\"785\">Testo Blend<\/strong>\u00a0: Le\u00a0<strong data-start=\"791\" data-end=\"799\">zinc<\/strong>\u00a0soutient un\u00a0<strong data-start=\"812\" data-end=\"843\">taux normal de testost\u00e9rone<\/strong>, favorisant vitalit\u00e9, force et endurance masculine.<br data-start=\"895\" data-end=\"898\" \/>\ud83e\udde0\u00a0<strong data-start=\"901\" data-end=\"941\">Hormonal Activity &amp; Immunity Complex<\/strong>\u00a0: Gr\u00e2ce \u00e0 la\u00a0<strong data-start=\"955\" data-end=\"970\">vitamine B6<\/strong>, votre\u00a0<strong data-start=\"978\" data-end=\"1012\">activit\u00e9 hormonale est r\u00e9gul\u00e9e<\/strong>\u00a0et votre\u00a0<strong data-start=\"1022\" data-end=\"1054\">syst\u00e8me immunitaire renforc\u00e9<\/strong>.<br data-start=\"1055\" data-end=\"1058\" \/>\u26a1\u00a0<strong data-start=\"1060\" data-end=\"1086\">Energy &amp; Muscle Matrix<\/strong>\u00a0: La\u00a0<strong data-start=\"1092\" data-end=\"1103\">niacine<\/strong>\u00a0et le\u00a0<strong data-start=\"1110\" data-end=\"1123\">magn\u00e9sium<\/strong>\u00a0contribuent \u00e0 un\u00a0<strong data-start=\"1141\" data-end=\"1176\">m\u00e9tabolisme \u00e9nerg\u00e9tique optimal<\/strong>, \u00e0 la\u00a0<strong data-start=\"1183\" data-end=\"1210\">r\u00e9duction de la fatigue<\/strong>\u00a0et \u00e0 un\u00a0<strong data-start=\"1219\" data-end=\"1255\">fonctionnement musculaire normal<\/strong>.<\/p>\n<hr data-start=\"1260\" data-end=\"1263\" \/>\n<h3 data-start=\"1265\" data-end=\"1318\">\ud83e\uddec\u00a0<strong data-start=\"1272\" data-end=\"1318\">Des ingr\u00e9dients puissants et synergiques :<\/strong><\/h3>\n<ul data-start=\"1319\" data-end=\"1925\">\n<li data-start=\"1319\" data-end=\"1420\">\n<p data-start=\"1321\" data-end=\"1420\"><strong data-start=\"1321\" data-end=\"1359\">Cr\u00e9atine monohydrate (500 mg\/jour)<\/strong>\u00a0pour une force explosive et une r\u00e9cup\u00e9ration rapide \ud83c\udfcb\ufe0f\u200d\u2642\ufe0f<\/p>\n<\/li>\n<li data-start=\"1421\" data-end=\"1550\">\n<p data-start=\"1423\" data-end=\"1550\"><strong data-start=\"1423\" data-end=\"1447\">Caf\u00e9ine (75 mg\/dose)<\/strong>\u00a0issue de\u00a0<strong data-start=\"1457\" data-end=\"1484\">deux sources naturelles<\/strong>\u00a0: caf\u00e9ine anhydre &amp; guarana pour un\u00a0<strong data-start=\"1521\" data-end=\"1546\">coup de fouet durable<\/strong>\u00a0\u26a1<\/p>\n<\/li>\n<li data-start=\"1551\" data-end=\"1646\">\n<p data-start=\"1553\" data-end=\"1646\"><strong data-start=\"1553\" data-end=\"1608\">Acides amin\u00e9s essentiels (Arginine, Ornithine, DAA)<\/strong>\u00a0pour le d\u00e9veloppement musculaire \ud83d\udcaa<\/p>\n<\/li>\n<li data-start=\"1647\" data-end=\"1710\">\n<p data-start=\"1649\" data-end=\"1710\"><strong data-start=\"1649\" data-end=\"1665\">Coenzyme Q10<\/strong>\u00a0pour la production d\u2019\u00e9nergie cellulaire \ud83d\udd0b<\/p>\n<\/li>\n<li data-start=\"1711\" data-end=\"1925\">\n<p data-start=\"1713\" data-end=\"1925\"><strong data-start=\"1713\" data-end=\"1739\">14 extraits de plantes<\/strong>\u00a0puissants :\u00a0<strong data-start=\"1752\" data-end=\"1764\">Fenugrec<\/strong>,\u00a0<strong data-start=\"1766\" data-end=\"1781\">Ashwagandha<\/strong>,\u00a0<strong data-start=\"1783\" data-end=\"1791\">Maca<\/strong>,\u00a0<strong data-start=\"1793\" data-end=\"1804\">Ginseng<\/strong>,\u00a0<strong data-start=\"1806\" data-end=\"1818\">Rhodiola<\/strong>,\u00a0<strong data-start=\"1820\" data-end=\"1837\">Chardon-Marie<\/strong>,\u00a0<strong data-start=\"1839\" data-end=\"1850\">Brocoli<\/strong>,\u00a0<strong data-start=\"1852\" data-end=\"1863\">\u00c9pinard<\/strong>&#8230; une synergie naturelle pour la\u00a0<strong data-start=\"1898\" data-end=\"1920\">vitalit\u00e9 masculine<\/strong>\u00a0\ud83c\udf3f<\/p>\n<\/li>\n<\/ul>\n<hr data-start=\"1927\" data-end=\"1930\" \/>\n<h3 data-start=\"1932\" data-end=\"1970\">\ud83d\udc51\u00a0<strong data-start=\"1939\" data-end=\"1970\">Les atouts Brutal Anadrol :<\/strong><\/h3>\n<p data-start=\"1971\" data-end=\"2287\">\u2705 24 ingr\u00e9dients actifs pour un effet total<br data-start=\"2014\" data-end=\"2017\" \/>\u2705 Soutient la\u00a0<strong data-start=\"2031\" data-end=\"2076\">testost\u00e9rone, la force et la r\u00e9cup\u00e9ration<\/strong><br data-start=\"2076\" data-end=\"2079\" \/>\u2705 R\u00e9duit la\u00a0<strong data-start=\"2091\" data-end=\"2102\">fatigue<\/strong>\u00a0et stimule l\u2019\u00e9nergie<br data-start=\"2123\" data-end=\"2126\" \/>\u2705 Am\u00e9liore la\u00a0<strong data-start=\"2140\" data-end=\"2177\">performance musculaire et mentale<\/strong><br data-start=\"2177\" data-end=\"2180\" \/>\u2705 Contient des\u00a0<strong data-start=\"2195\" data-end=\"2228\">extraits v\u00e9g\u00e9taux adaptog\u00e8nes<\/strong><br data-start=\"2228\" data-end=\"2231\" \/>\u2705 Convient aux\u00a0<strong data-start=\"2246\" data-end=\"2285\">hommes actifs et sportifs exigeants<\/strong><\/p>\n<hr data-start=\"2289\" data-end=\"2292\" \/>\n<h3 data-start=\"2294\" data-end=\"2320\">\ud83e\udded\u00a0<strong data-start=\"2301\" data-end=\"2320\">Mode d\u2019emploi :<\/strong><\/h3>\n<p data-start=\"2321\" data-end=\"2547\">Prenez\u00a0<strong data-start=\"2328\" data-end=\"2350\">3 g\u00e9lules par jour<\/strong>\u00a0avec un grand verre d\u2019eau \ud83d\udca7<br data-start=\"2379\" data-end=\"2382\" \/>\u2757\u00a0<strong data-start=\"2384\" data-end=\"2435\">Ne pas d\u00e9passer la dose journali\u00e8re recommand\u00e9e<\/strong><br data-start=\"2435\" data-end=\"2438\" \/>\u26a0\ufe0f Contient de la\u00a0<strong data-start=\"2456\" data-end=\"2485\">caf\u00e9ine (75 mg\/3 g\u00e9lules)<\/strong>\u00a0\u2014 d\u00e9conseill\u00e9 aux enfants, femmes enceintes ou allaitantes.<\/p>\n<hr data-start=\"2549\" data-end=\"2552\" \/>\n<h3 data-start=\"2554\" data-end=\"2598\">\ud83c\udf3f\u00a0<strong data-start=\"2561\" data-end=\"2598\">Pourquoi choisir Brutal Anadrol ?<\/strong><\/h3>\n<p data-start=\"2599\" data-end=\"2925\">Parce qu\u2019il ne se contente pas de stimuler \u2014 il\u00a0<strong data-start=\"2647\" data-end=\"2675\">r\u00e9veille votre potentiel<\/strong>.<br data-start=\"2676\" data-end=\"2679\" \/>Gr\u00e2ce \u00e0 sa combinaison unique de\u00a0<strong data-start=\"2712\" data-end=\"2773\">cr\u00e9atine, caf\u00e9ine, plantes adaptog\u00e8nes et micronutriments<\/strong>,\u00a0<strong data-start=\"2775\" data-end=\"2793\">Brutal Anadrol<\/strong>\u00a0agit sur\u00a0<strong data-start=\"2803\" data-end=\"2851\">tous les leviers de la performance masculine<\/strong>\u00a0:\u00a0<strong data-start=\"2854\" data-end=\"2925\">force, \u00e9nergie, concentration, endurance et testost\u00e9rone naturelle.<\/strong><\/p>\n","protected":false},"excerpt":{"rendered":"<p>Boostez naturellement votre testost\u00e9rone, votre \u00e9nergie et vos performances avec Brutal Anadrol de BioTechUSA \u2014 la formule ultime pour hommes puissants !<\/p>\n","protected":false},"featured_media":6480,"template":"","meta":{"site-sidebar-layout":"default","site-content-layout":"","ast-site-content-layout":"default","site-content-style":"default","site-sidebar-style":"default","ast-global-header-display":"","ast-banner-title-visibility":"","ast-main-header-display":"","ast-hfb-above-header-display":"","ast-hfb-below-header-display":"","ast-hfb-mobile-header-display":"","site-post-title":"","ast-breadcrumbs-content":"","ast-featured-img":"","footer-sml-layout":"","theme-transparent-header-meta":"default","adv-header-id-meta":"","stick-header-meta":"","header-above-stick-meta":"","header-main-stick-meta":"","header-below-stick-meta":"","astra-migrate-meta-layouts":"set","ast-page-background-enabled":"default","ast-page-background-meta":{"desktop":{"background-color":"","background-image":"","background-repeat":"repeat","background-position":"center center","background-size":"auto","background-attachment":"scroll","background-type":"","background-media":"","overlay-type":"","overlay-color":"","overlay-opacity":"","overlay-gradient":""},"tablet":{"background-color":"","background-image":"","background-repeat":"repeat","background-position":"center center","background-size":"auto","background-attachment":"scroll","background-type":"","background-media":"","overlay-type":"","overlay-color":"","overlay-opacity":"","overlay-gradient":""},"mobile":{"background-color":"","background-image":"","background-repeat":"repeat","background-position":"center center","background-size":"auto","background-attachment":"scroll","background-type":"","background-media":"","overlay-type":"","overlay-color":"","overlay-opacity":"","overlay-gradient":""}},"ast-content-background-meta":{"desktop":{"background-color":"var(--ast-global-color-5)","background-image":"","background-repeat":"repeat","background-position":"center center","background-size":"auto","background-attachment":"scroll","background-type":"","background-media":"","overlay-type":"","overlay-color":"","overlay-opacity":"","overlay-gradient":""},"tablet":{"background-color":"var(--ast-global-color-5)","background-image":"","background-repeat":"repeat","background-position":"center center","background-size":"auto","background-attachment":"scroll","background-type":"","background-media":"","overlay-type":"","overlay-color":"","overlay-opacity":"","overlay-gradient":""},"mobile":{"background-color":"var(--ast-global-color-5)","background-image":"","background-repeat":"repeat","background-position":"center center","background-size":"auto","background-attachment":"scroll","background-type":"","background-media":"","overlay-type":"","overlay-color":"","overlay-opacity":"","overlay-gradient":""}}},"product_brand":[62],"product_cat":[58,84,57],"product_tag":[],"class_list":{"0":"post-6484","1":"product","2":"type-product","3":"status-publish","4":"has-post-thumbnail","6":"product_brand-biotech-usa","7":"product_cat-produits","8":"product_cat-sante-bien-etre","9":"product_cat-vitamine-mineraux","10":"desktop-align-center","11":"tablet-align-center","12":"mobile-align-center","14":"first","15":"instock","16":"shipping-taxable","17":"purchasable","18":"product-type-simple"},"_links":{"self":[{"href":"https:\/\/dietpartner.shop\/index.php?rest_route=\/wp\/v2\/product\/6484","targetHints":{"allow":["GET"]}}],"collection":[{"href":"https:\/\/dietpartner.shop\/index.php?rest_route=\/wp\/v2\/product"}],"about":[{"href":"https:\/\/dietpartner.shop\/index.php?rest_route=\/wp\/v2\/types\/product"}],"wp:featuredmedia":[{"embeddable":true,"href":"https:\/\/dietpartner.shop\/index.php?rest_route=\/wp\/v2\/media\/6480"}],"wp:attachment":[{"href":"https:\/\/dietpartner.shop\/index.php?rest_route=%2Fwp%2Fv2%2Fmedia&parent=6484"}],"wp:term":[{"taxonomy":"product_brand","embeddable":true,"href":"https:\/\/dietpartner.shop\/index.php?rest_route=%2Fwp%2Fv2%2Fproduct_brand&post=6484"},{"taxonomy":"product_cat","embeddable":true,"href":"https:\/\/dietpartner.shop\/index.php?rest_route=%2Fwp%2Fv2%2Fproduct_cat&post=6484"},{"taxonomy":"product_tag","embeddable":true,"href":"https:\/\/dietpartner.shop\/index.php?rest_route=%2Fwp%2Fv2%2Fproduct_tag&post=6484"}],"curies":[{"name":"wp","href":"https:\/\/api.w.org\/{rel}","templated":true}]}}