{"id":6485,"date":"2025-11-05T20:03:45","date_gmt":"2025-11-05T19:03:45","guid":{"rendered":"https:\/\/dietpartner.shop\/?post_type=product&#038;p=6485"},"modified":"2025-11-05T20:03:45","modified_gmt":"2025-11-05T19:03:45","slug":"citrulline-malate-300gr","status":"publish","type":"product","link":"https:\/\/dietpartner.shop\/?product=citrulline-malate-300gr","title":{"rendered":"CITRULLINE MALATE 300GR"},"content":{"rendered":"<h2 data-start=\"163\" data-end=\"204\">\u26a1\u00a0<strong data-start=\"168\" data-end=\"202\">Citrulline Malate \u2013 BioTechUSA<\/strong><\/h2>\n<p data-start=\"205\" data-end=\"291\"><strong data-start=\"205\" data-end=\"291\">\u00c9nergie, endurance et puissance musculaire \u2014 pour des performances qui durent ! \ud83d\udca5<\/strong><\/p>\n<p data-start=\"293\" data-end=\"608\"><strong data-start=\"293\" data-end=\"328\">Citrulline Malate de BioTechUSA<\/strong>\u00a0est une formule hautement pure et efficace \u00e0 base d\u2019<strong data-start=\"381\" data-end=\"409\">acide amin\u00e9 L-citrulline<\/strong>\u00a0combin\u00e9 \u00e0\u00a0<strong data-start=\"420\" data-end=\"448\">l\u2019acide malique (malate)<\/strong>. Cette synergie unique soutient la\u00a0<strong data-start=\"484\" data-end=\"508\">circulation sanguine<\/strong>, am\u00e9liore la\u00a0<strong data-start=\"522\" data-end=\"547\">r\u00e9sistance musculaire<\/strong>\u00a0et favorise une\u00a0<strong data-start=\"564\" data-end=\"590\">meilleure r\u00e9cup\u00e9ration<\/strong>\u00a0apr\u00e8s l\u2019effort.<\/p>\n<p data-start=\"610\" data-end=\"776\">Une r\u00e9f\u00e9rence incontournable pour les\u00a0<strong data-start=\"648\" data-end=\"672\">sportifs d\u2019endurance<\/strong>,\u00a0<strong data-start=\"674\" data-end=\"690\">bodybuilders<\/strong>\u00a0et\u00a0<strong data-start=\"694\" data-end=\"721\">athl\u00e8tes de haut niveau<\/strong>\u00a0en qu\u00eate d\u2019un suppl\u00e9ment performant et sans sucre \ud83d\udcaa<\/p>\n<hr data-start=\"778\" data-end=\"781\" \/>\n<h3 data-start=\"783\" data-end=\"814\">\ud83d\udc8e\u00a0<strong data-start=\"790\" data-end=\"814\">Les avantages cl\u00e9s :<\/strong><\/h3>\n<p data-start=\"815\" data-end=\"1138\">\u2705 100 %\u00a0<strong data-start=\"823\" data-end=\"842\">acide amin\u00e9 pur<\/strong><br data-start=\"842\" data-end=\"845\" \/>\u2705\u00a0<strong data-start=\"847\" data-end=\"861\">Sans sucre<\/strong>,\u00a0<strong data-start=\"863\" data-end=\"878\">sans gluten<\/strong>,\u00a0<strong data-start=\"880\" data-end=\"898\">sans aspartame<\/strong><br data-start=\"898\" data-end=\"901\" \/>\u2705 En\u00a0<strong data-start=\"906\" data-end=\"927\">poudre aromatis\u00e9e<\/strong>, facile \u00e0 m\u00e9langer<br data-start=\"946\" data-end=\"949\" \/>\u2705 Soutient la\u00a0<strong data-start=\"963\" data-end=\"987\">production d\u2019\u00e9nergie<\/strong>\u00a0et la\u00a0<strong data-start=\"994\" data-end=\"1023\">vasodilatation musculaire<\/strong><br data-start=\"1023\" data-end=\"1026\" \/>\u2705 Am\u00e9liore la\u00a0<strong data-start=\"1040\" data-end=\"1055\">performance<\/strong>\u00a0et retarde la\u00a0<strong data-start=\"1070\" data-end=\"1081\">fatigue<\/strong><br data-start=\"1081\" data-end=\"1084\" \/>\u2705 Formule\u00a0<strong data-start=\"1094\" data-end=\"1119\">hautement assimilable<\/strong>\u00a0et\u00a0<strong data-start=\"1123\" data-end=\"1136\">naturelle<\/strong><\/p>\n<hr data-start=\"1140\" data-end=\"1143\" \/>\n<h3 data-start=\"1145\" data-end=\"1192\">\ud83e\uddec\u00a0<strong data-start=\"1152\" data-end=\"1192\">Qu\u2019est-ce que la Citrulline Malate ?<\/strong><\/h3>\n<p data-start=\"1193\" data-end=\"1674\">La\u00a0<strong data-start=\"1196\" data-end=\"1212\">L-citrulline<\/strong>\u00a0est un acide amin\u00e9 non essentiel que le corps ne produit pas toujours en quantit\u00e9 suffisante \u2014 surtout pendant un entra\u00eenement intense.<br data-start=\"1348\" data-end=\"1351\" \/>Associ\u00e9e \u00e0 l\u2019<strong data-start=\"1364\" data-end=\"1381\">acide malique<\/strong>, elle forme la\u00a0<strong data-start=\"1397\" data-end=\"1418\">Citrulline Malate<\/strong>, une combinaison puissante qui soutient :<br data-start=\"1460\" data-end=\"1463\" \/>\ud83d\udca5 la\u00a0<strong data-start=\"1469\" data-end=\"1505\">production d\u2019oxyde nitrique (NO)<\/strong>\u00a0pour une meilleure circulation,<br data-start=\"1537\" data-end=\"1540\" \/>\ud83c\udfcb\ufe0f\u200d\u2642\ufe0f la\u00a0<strong data-start=\"1550\" data-end=\"1576\">performance musculaire<\/strong>\u00a0et la\u00a0<strong data-start=\"1583\" data-end=\"1602\">force explosive<\/strong>,<br data-start=\"1603\" data-end=\"1606\" \/>\ud83d\udd0b la\u00a0<strong data-start=\"1612\" data-end=\"1635\">r\u00e9cup\u00e9ration rapide<\/strong>\u00a0et la\u00a0<strong data-start=\"1642\" data-end=\"1671\">r\u00e9duction des courbatures<\/strong>.<\/p>\n<hr data-start=\"1676\" data-end=\"1679\" \/>\n<h3 data-start=\"1681\" data-end=\"1702\">\ud83e\uddea\u00a0<strong data-start=\"1688\" data-end=\"1702\">Pour qui ?<\/strong><\/h3>\n<p data-start=\"1703\" data-end=\"1946\">\ud83d\udd25 Les\u00a0<strong data-start=\"1710\" data-end=\"1734\">athl\u00e8tes d\u2019endurance<\/strong>\u00a0avant un entra\u00eenement<br data-start=\"1756\" data-end=\"1759\" \/>\ud83d\udcaa Les\u00a0<strong data-start=\"1766\" data-end=\"1782\">bodybuilders<\/strong>\u00a0cherchant un meilleur \u201cpump\u201d musculaire<br data-start=\"1822\" data-end=\"1825\" \/>\u2699\ufe0f Les\u00a0<strong data-start=\"1832\" data-end=\"1872\">adeptes d\u2019entra\u00eenements fonctionnels<\/strong><br data-start=\"1872\" data-end=\"1875\" \/>\ud83e\udd64 Ceux qui aiment\u00a0<strong data-start=\"1894\" data-end=\"1944\">composer leurs propres formules de pr\u00e9-workout<\/strong><\/p>\n<hr data-start=\"1948\" data-end=\"1951\" \/>\n<h3 data-start=\"1953\" data-end=\"1979\">\u2699\ufe0f\u00a0<strong data-start=\"1960\" data-end=\"1979\">Mode d\u2019emploi :<\/strong><\/h3>\n<p data-start=\"1980\" data-end=\"2202\">M\u00e9langez\u00a0<strong data-start=\"1989\" data-end=\"2043\">1 dose (3,2 g = \u00bd mesure = 1 cuill\u00e8re \u00e0 caf\u00e9 rase)<\/strong>\u00a0avec\u00a0<strong data-start=\"2049\" data-end=\"2065\">200 ml d\u2019eau<\/strong>\u00a0dans un shaker.<br data-start=\"2081\" data-end=\"2084\" \/>Consommez\u00a0<strong data-start=\"2094\" data-end=\"2116\">1 portion par jour<\/strong>, de pr\u00e9f\u00e9rence\u00a0<strong data-start=\"2132\" data-end=\"2156\">avant l\u2019entra\u00eenement<\/strong>.<br data-start=\"2157\" data-end=\"2160\" \/>\u2757\u00a0<strong data-start=\"2162\" data-end=\"2202\">Ne pas d\u00e9passer la dose recommand\u00e9e.<\/strong><\/p>\n<hr data-start=\"2204\" data-end=\"2207\" \/>\n<h3 data-start=\"2209\" data-end=\"2233\">\u26a0\ufe0f\u00a0<strong data-start=\"2216\" data-end=\"2233\">Pr\u00e9cautions :<\/strong><\/h3>\n<p data-start=\"2234\" data-end=\"2474\">\ud83d\udeab Ne pas consommer chez les\u00a0<strong data-start=\"2263\" data-end=\"2274\">enfants<\/strong>,\u00a0<strong data-start=\"2276\" data-end=\"2296\">femmes enceintes<\/strong>\u00a0ou\u00a0<strong data-start=\"2300\" data-end=\"2315\">allaitantes<\/strong>.<br data-start=\"2316\" data-end=\"2319\" \/>\ud83e\uddf4 Conserver\u00a0<strong data-start=\"2332\" data-end=\"2362\">hors de port\u00e9e des enfants<\/strong>.<br data-start=\"2363\" data-end=\"2366\" \/>\ud83c\udf7d\ufe0f Les compl\u00e9ments alimentaires ne remplacent pas une\u00a0<strong data-start=\"2421\" data-end=\"2444\">alimentation vari\u00e9e<\/strong>\u00a0et un\u00a0<strong data-start=\"2451\" data-end=\"2471\">mode de vie sain<\/strong>.<\/p>\n<hr data-start=\"2476\" data-end=\"2479\" \/>\n<h3 data-start=\"2481\" data-end=\"2505\">\ud83c\udf3f\u00a0<strong data-start=\"2488\" data-end=\"2505\">Ingr\u00e9dients :<\/strong><\/h3>\n<p data-start=\"2506\" data-end=\"2782\">L-Citrulline (46,5 %), acide malique (46,5 %), ar\u00f4mes, \u00e9dulcorant (sucralose), agents de charge (polydextrose), anti-agglom\u00e9rant (dioxyde de silicium), colorants (tartrazine\u00b9, indigotine).<br data-start=\"2694\" data-end=\"2697\" \/>\u00b9La tartrazine peut avoir des effets ind\u00e9sirables sur l\u2019attention chez les enfants.<\/p>\n","protected":false},"excerpt":{"rendered":"<p>Boostez votre \u00e9nergie, votre endurance et vos performances avec Citrulline Malate BioTechUSA, la formule sans sucre id\u00e9ale pour des entra\u00eenements explosifs !<\/p>\n","protected":false},"featured_media":6482,"template":"","meta":{"site-sidebar-layout":"default","site-content-layout":"","ast-site-content-layout":"default","site-content-style":"default","site-sidebar-style":"default","ast-global-header-display":"","ast-banner-title-visibility":"","ast-main-header-display":"","ast-hfb-above-header-display":"","ast-hfb-below-header-display":"","ast-hfb-mobile-header-display":"","site-post-title":"","ast-breadcrumbs-content":"","ast-featured-img":"","footer-sml-layout":"","theme-transparent-header-meta":"default","adv-header-id-meta":"","stick-header-meta":"","header-above-stick-meta":"","header-main-stick-meta":"","header-below-stick-meta":"","astra-migrate-meta-layouts":"set","ast-page-background-enabled":"default","ast-page-background-meta":{"desktop":{"background-color":"","background-image":"","background-repeat":"repeat","background-position":"center center","background-size":"auto","background-attachment":"scroll","background-type":"","background-media":"","overlay-type":"","overlay-color":"","overlay-opacity":"","overlay-gradient":""},"tablet":{"background-color":"","background-image":"","background-repeat":"repeat","background-position":"center center","background-size":"auto","background-attachment":"scroll","background-type":"","background-media":"","overlay-type":"","overlay-color":"","overlay-opacity":"","overlay-gradient":""},"mobile":{"background-color":"","background-image":"","background-repeat":"repeat","background-position":"center center","background-size":"auto","background-attachment":"scroll","background-type":"","background-media":"","overlay-type":"","overlay-color":"","overlay-opacity":"","overlay-gradient":""}},"ast-content-background-meta":{"desktop":{"background-color":"var(--ast-global-color-5)","background-image":"","background-repeat":"repeat","background-position":"center center","background-size":"auto","background-attachment":"scroll","background-type":"","background-media":"","overlay-type":"","overlay-color":"","overlay-opacity":"","overlay-gradient":""},"tablet":{"background-color":"var(--ast-global-color-5)","background-image":"","background-repeat":"repeat","background-position":"center center","background-size":"auto","background-attachment":"scroll","background-type":"","background-media":"","overlay-type":"","overlay-color":"","overlay-opacity":"","overlay-gradient":""},"mobile":{"background-color":"var(--ast-global-color-5)","background-image":"","background-repeat":"repeat","background-position":"center center","background-size":"auto","background-attachment":"scroll","background-type":"","background-media":"","overlay-type":"","overlay-color":"","overlay-opacity":"","overlay-gradient":""}}},"product_brand":[62],"product_cat":[74,58],"product_tag":[],"class_list":{"0":"post-6485","1":"product","2":"type-product","3":"status-publish","4":"has-post-thumbnail","6":"product_brand-biotech-usa","7":"product_cat-pre-workout","8":"product_cat-produits","9":"desktop-align-center","10":"tablet-align-center","11":"mobile-align-center","13":"first","14":"instock","15":"shipping-taxable","16":"purchasable","17":"product-type-simple"},"_links":{"self":[{"href":"https:\/\/dietpartner.shop\/index.php?rest_route=\/wp\/v2\/product\/6485","targetHints":{"allow":["GET"]}}],"collection":[{"href":"https:\/\/dietpartner.shop\/index.php?rest_route=\/wp\/v2\/product"}],"about":[{"href":"https:\/\/dietpartner.shop\/index.php?rest_route=\/wp\/v2\/types\/product"}],"wp:featuredmedia":[{"embeddable":true,"href":"https:\/\/dietpartner.shop\/index.php?rest_route=\/wp\/v2\/media\/6482"}],"wp:attachment":[{"href":"https:\/\/dietpartner.shop\/index.php?rest_route=%2Fwp%2Fv2%2Fmedia&parent=6485"}],"wp:term":[{"taxonomy":"product_brand","embeddable":true,"href":"https:\/\/dietpartner.shop\/index.php?rest_route=%2Fwp%2Fv2%2Fproduct_brand&post=6485"},{"taxonomy":"product_cat","embeddable":true,"href":"https:\/\/dietpartner.shop\/index.php?rest_route=%2Fwp%2Fv2%2Fproduct_cat&post=6485"},{"taxonomy":"product_tag","embeddable":true,"href":"https:\/\/dietpartner.shop\/index.php?rest_route=%2Fwp%2Fv2%2Fproduct_tag&post=6485"}],"curies":[{"name":"wp","href":"https:\/\/api.w.org\/{rel}","templated":true}]}}