{"id":6487,"date":"2025-11-05T20:12:29","date_gmt":"2025-11-05T19:12:29","guid":{"rendered":"https:\/\/dietpartner.shop\/?post_type=product&#038;p=6487"},"modified":"2026-02-01T16:54:46","modified_gmt":"2026-02-01T15:54:46","slug":"zmb-60-servings","status":"publish","type":"product","link":"https:\/\/dietpartner.shop\/?product=zmb-60-servings","title":{"rendered":"ZMB 60 SERVINGS"},"content":{"rendered":"<p>Ce compl\u00e9ment alimentaire en capsules combine trois ingr\u00e9dients cl\u00e9s pour une optimisation hormonale et une meilleure vitalit\u00e9 : le zinc, le magn\u00e9sium et la vitamine B6. Con\u00e7u sp\u00e9cialement pour soutenir les hommes, il aide \u00e0 maintenir un taux de testost\u00e9rone normal, crucial pour l&rsquo;\u00e9quilibre du corps \u00e0 partir de 30 ans, lorsque la production de cette hormone diminue naturellement.<\/p>\n<p><strong>&#8211; Zinc<\/strong>: sous forme de gluconate de zinc, facilement absorb\u00e9, il contribue \u00e0 la synth\u00e8se des prot\u00e9ines et \u00e0 un taux de testost\u00e9rone \u00e9quilibr\u00e9.<\/p>\n<p><strong>&#8211; Magn\u00e9sium<\/strong>: r\u00e9duit la fatigue et l&rsquo;\u00e9puisement, apportant un soutien \u00e0 l&rsquo;\u00e9nergie quotidienne.<\/p>\n<p><strong>&#8211; Vitamine B6<\/strong>: favorise le bon fonctionnement du syst\u00e8me immunitaire et r\u00e9gule l&rsquo;activit\u00e9 hormonale, assurant un \u00e9quilibre optimal.<\/p>\n<p>Fabriqu\u00e9 avec des ingr\u00e9dients de haute qualit\u00e9, ce compl\u00e9ment est une solution id\u00e9ale pour ceux qui souhaitent maintenir leur bien-\u00eatre hormonal tout en r\u00e9duisant la fatigue.<\/p>\n","protected":false},"excerpt":{"rendered":"<p><span class=\"badge rounded-pill text-bg-primary\">60 SERVINGS<\/span>\u00a0<span class=\"badge rounded-pill text-bg-info text-white\">LIVRAISON GRATUITE<\/span><\/p>\n<div class=\"procuct-contain\">Optimisez vos niveaux de testost\u00e9rone et r\u00e9duisez la fatigue avec ce compl\u00e9ment synergique riche en zinc, magn\u00e9sium et vitamine B6. Id\u00e9al pour soutenir l&rsquo;\u00e9quilibre hormonal et maintenir un taux normal de testost\u00e9rone.<\/div>\n","protected":false},"featured_media":6488,"template":"","meta":{"site-sidebar-layout":"default","site-content-layout":"","ast-site-content-layout":"default","site-content-style":"default","site-sidebar-style":"default","ast-global-header-display":"","ast-banner-title-visibility":"","ast-main-header-display":"","ast-hfb-above-header-display":"","ast-hfb-below-header-display":"","ast-hfb-mobile-header-display":"","site-post-title":"","ast-breadcrumbs-content":"","ast-featured-img":"","footer-sml-layout":"","theme-transparent-header-meta":"default","adv-header-id-meta":"","stick-header-meta":"","header-above-stick-meta":"","header-main-stick-meta":"","header-below-stick-meta":"","astra-migrate-meta-layouts":"set","ast-page-background-enabled":"default","ast-page-background-meta":{"desktop":{"background-color":"","background-image":"","background-repeat":"repeat","background-position":"center center","background-size":"auto","background-attachment":"scroll","background-type":"","background-media":"","overlay-type":"","overlay-color":"","overlay-opacity":"","overlay-gradient":""},"tablet":{"background-color":"","background-image":"","background-repeat":"repeat","background-position":"center center","background-size":"auto","background-attachment":"scroll","background-type":"","background-media":"","overlay-type":"","overlay-color":"","overlay-opacity":"","overlay-gradient":""},"mobile":{"background-color":"","background-image":"","background-repeat":"repeat","background-position":"center center","background-size":"auto","background-attachment":"scroll","background-type":"","background-media":"","overlay-type":"","overlay-color":"","overlay-opacity":"","overlay-gradient":""}},"ast-content-background-meta":{"desktop":{"background-color":"var(--ast-global-color-5)","background-image":"","background-repeat":"repeat","background-position":"center center","background-size":"auto","background-attachment":"scroll","background-type":"","background-media":"","overlay-type":"","overlay-color":"","overlay-opacity":"","overlay-gradient":""},"tablet":{"background-color":"var(--ast-global-color-5)","background-image":"","background-repeat":"repeat","background-position":"center center","background-size":"auto","background-attachment":"scroll","background-type":"","background-media":"","overlay-type":"","overlay-color":"","overlay-opacity":"","overlay-gradient":""},"mobile":{"background-color":"var(--ast-global-color-5)","background-image":"","background-repeat":"repeat","background-position":"center center","background-size":"auto","background-attachment":"scroll","background-type":"","background-media":"","overlay-type":"","overlay-color":"","overlay-opacity":"","overlay-gradient":""}}},"product_brand":[62],"product_cat":[57,58,84],"product_tag":[],"class_list":{"0":"post-6487","1":"product","2":"type-product","3":"status-publish","4":"has-post-thumbnail","6":"product_brand-biotech-usa","7":"product_cat-vitamine-mineraux","8":"product_cat-produits","9":"product_cat-sante-bien-etre","10":"desktop-align-center","11":"tablet-align-center","12":"mobile-align-center","14":"first","15":"instock","16":"shipping-taxable","17":"purchasable","18":"product-type-simple"},"_links":{"self":[{"href":"https:\/\/dietpartner.shop\/index.php?rest_route=\/wp\/v2\/product\/6487","targetHints":{"allow":["GET"]}}],"collection":[{"href":"https:\/\/dietpartner.shop\/index.php?rest_route=\/wp\/v2\/product"}],"about":[{"href":"https:\/\/dietpartner.shop\/index.php?rest_route=\/wp\/v2\/types\/product"}],"wp:featuredmedia":[{"embeddable":true,"href":"https:\/\/dietpartner.shop\/index.php?rest_route=\/wp\/v2\/media\/6488"}],"wp:attachment":[{"href":"https:\/\/dietpartner.shop\/index.php?rest_route=%2Fwp%2Fv2%2Fmedia&parent=6487"}],"wp:term":[{"taxonomy":"product_brand","embeddable":true,"href":"https:\/\/dietpartner.shop\/index.php?rest_route=%2Fwp%2Fv2%2Fproduct_brand&post=6487"},{"taxonomy":"product_cat","embeddable":true,"href":"https:\/\/dietpartner.shop\/index.php?rest_route=%2Fwp%2Fv2%2Fproduct_cat&post=6487"},{"taxonomy":"product_tag","embeddable":true,"href":"https:\/\/dietpartner.shop\/index.php?rest_route=%2Fwp%2Fv2%2Fproduct_tag&post=6487"}],"curies":[{"name":"wp","href":"https:\/\/api.w.org\/{rel}","templated":true}]}}