{"id":6491,"date":"2025-11-05T20:14:08","date_gmt":"2025-11-05T19:14:08","guid":{"rendered":"https:\/\/dietpartner.shop\/?post_type=product&#038;p=6491"},"modified":"2025-11-05T20:14:09","modified_gmt":"2025-11-05T19:14:09","slug":"zinc-duo-60tab","status":"publish","type":"product","link":"https:\/\/dietpartner.shop\/?product=zinc-duo-60tab","title":{"rendered":"ZINC DUO 60TAB"},"content":{"rendered":"<p>\ud83d\udc8a\u00a0<strong data-start=\"223\" data-end=\"256\">Zinc Duo 60 Tabs \u2013 BioTechUSA<br \/>\n<\/strong>\ud83d\udee1\ufe0f Immunit\u00e9, \u00e9nergie et \u00e9quilibre au quotidien<\/p>\n<p data-start=\"314\" data-end=\"638\"><strong data-start=\"314\" data-end=\"326\">Zinc Duo<\/strong>\u00a0est un compl\u00e9ment alimentaire hautement biodisponible, formul\u00e9 pour r\u00e9pondre aux besoins quotidiens en zinc \u2014 un\u00a0<strong data-start=\"440\" data-end=\"461\">min\u00e9ral essentiel<\/strong>\u00a0\u00e0 plus de 300 r\u00e9actions enzymatiques dans le corps.<br data-start=\"513\" data-end=\"516\" \/>Chaque comprim\u00e9 fournit\u00a0<strong data-start=\"540\" data-end=\"557\">25 mg de zinc<\/strong>\u00a0sous\u00a0<strong data-start=\"563\" data-end=\"605\">deux formes organiques compl\u00e9mentaires<\/strong>\u00a0pour une efficacit\u00e9 maximale :<\/p>\n<hr data-start=\"640\" data-end=\"643\" \/>\n<p>\u2697\ufe0f\u00a0<strong data-start=\"652\" data-end=\"706\">Formule double action pour une absorption optimale<\/strong><\/p>\n<p data-start=\"707\" data-end=\"946\">\u2705\u00a0<strong data-start=\"709\" data-end=\"733\">Bisglycinate de zinc<\/strong>\u00a0\u2014 forme ch\u00e9lat\u00e9e hautement assimilable, favorisant une absorption rapide et compl\u00e8te.<br data-start=\"819\" data-end=\"822\" \/>\u2705\u00a0<strong data-start=\"824\" data-end=\"845\">Gluconate de zinc<\/strong>\u00a0\u2014 lib\u00e9ration progressive du zinc \u00e9l\u00e9mentaire pour un\u00a0<strong data-start=\"899\" data-end=\"916\">effet durable<\/strong>\u00a0tout au long de la journ\u00e9e.<\/p>\n<hr data-start=\"948\" data-end=\"951\" \/>\n<p>\ud83d\udcaa\u00a0<strong data-start=\"960\" data-end=\"989\">Les bienfaits de Zinc Duo<\/strong><\/p>\n<ul data-start=\"990\" data-end=\"1348\">\n<li data-start=\"990\" data-end=\"1064\">\n<p data-start=\"992\" data-end=\"1064\">\ud83d\udd30\u00a0<strong data-start=\"995\" data-end=\"1030\">Renforce le syst\u00e8me immunitaire<\/strong>\u00a0et aide \u00e0 combattre la fatigue.<\/p>\n<\/li>\n<li data-start=\"1065\" data-end=\"1123\">\n<p data-start=\"1067\" data-end=\"1123\">\ud83c\udf3f\u00a0<strong data-start=\"1070\" data-end=\"1094\">Prot\u00e8ge les cellules<\/strong>\u00a0contre le stress oxydatif.<\/p>\n<\/li>\n<li data-start=\"1124\" data-end=\"1197\">\n<p data-start=\"1126\" data-end=\"1197\">\ud83d\udc86\u200d\u2642\ufe0f\u00a0<strong data-start=\"1132\" data-end=\"1195\">Contribue \u00e0 la sant\u00e9 de la peau, des cheveux et des ongles.<\/strong><\/p>\n<\/li>\n<li data-start=\"1198\" data-end=\"1272\">\n<p data-start=\"1200\" data-end=\"1272\">\u26a1\u00a0<strong data-start=\"1202\" data-end=\"1241\">Soutient le m\u00e9tabolisme \u00e9nerg\u00e9tique<\/strong>\u00a0et la production d\u2019hormones.<\/p>\n<\/li>\n<li data-start=\"1273\" data-end=\"1348\">\n<p data-start=\"1275\" data-end=\"1348\">\ud83e\udde0\u00a0<strong data-start=\"1278\" data-end=\"1324\">Favorise les fonctions cognitives normales<\/strong>\u00a0et la clart\u00e9 mentale.<\/p>\n<\/li>\n<\/ul>\n<p>&nbsp;<\/p>\n<hr data-start=\"1350\" data-end=\"1353\" \/>\n<p>\ud83d\udce6\u00a0<strong data-start=\"1362\" data-end=\"1393\">Pourquoi choisir Zinc Duo ?<\/strong><\/p>\n<p>&nbsp;<\/p>\n<ul data-start=\"1394\" data-end=\"1606\">\n<li data-start=\"1394\" data-end=\"1451\">\n<p data-start=\"1396\" data-end=\"1451\">60 comprim\u00e9s =\u00a0<strong data-start=\"1411\" data-end=\"1449\">2 mois de suppl\u00e9mentation compl\u00e8te<\/strong><\/p>\n<\/li>\n<li data-start=\"1452\" data-end=\"1501\">\n<p data-start=\"1454\" data-end=\"1501\">Formule\u00a0<strong data-start=\"1462\" data-end=\"1499\">naturelle, sans lactose ni gluten<\/strong><\/p>\n<\/li>\n<li data-start=\"1502\" data-end=\"1557\">\n<p data-start=\"1504\" data-end=\"1557\">Hautement\u00a0<strong data-start=\"1514\" data-end=\"1555\">biodisponible et douce pour l\u2019estomac<\/strong><\/p>\n<\/li>\n<li data-start=\"1558\" data-end=\"1606\">\n<p data-start=\"1560\" data-end=\"1606\">Produit\u00a0<strong data-start=\"1568\" data-end=\"1590\">qualit\u00e9 europ\u00e9enne<\/strong>, test\u00e9 et s\u00fbr<\/p>\n<\/li>\n<\/ul>\n<hr data-start=\"1608\" data-end=\"1611\" \/>\n<p>\ud83e\uddcd\u200d\u2642\ufe0f\u00a0<strong data-start=\"1623\" data-end=\"1639\">Id\u00e9al pour :<\/strong><\/p>\n<ul data-start=\"1640\" data-end=\"1868\">\n<li data-start=\"1640\" data-end=\"1707\">\n<p data-start=\"1642\" data-end=\"1707\">Les personnes sujettes \u00e0 la fatigue ou \u00e0 une baisse immunitaire<\/p>\n<\/li>\n<li data-start=\"1708\" data-end=\"1779\">\n<p data-start=\"1710\" data-end=\"1779\">Ceux qui veulent am\u00e9liorer la sant\u00e9 de leur peau, cheveux et ongles<\/p>\n<\/li>\n<li data-start=\"1780\" data-end=\"1817\">\n<p data-start=\"1782\" data-end=\"1817\">Les sportifs et personnes actives<\/p>\n<\/li>\n<li data-start=\"1818\" data-end=\"1868\">\n<p data-start=\"1820\" data-end=\"1868\">Les personnes suivant un r\u00e9gime pauvre en zinc<\/p>\n<\/li>\n<\/ul>\n<p>&nbsp;<\/p>\n<hr data-start=\"1870\" data-end=\"1873\" \/>\n<p>\ud83d\udcac\u00a0<strong data-start=\"1882\" data-end=\"1910\">Conseils d\u2019utilisation :<\/strong><\/p>\n<p>&nbsp;<\/p>\n<p data-start=\"399\" data-end=\"718\">\n<p data-start=\"1911\" data-end=\"2001\">Prendre\u00a0<strong data-start=\"1919\" data-end=\"1942\">1 comprim\u00e9 par jour<\/strong>\u00a0avec un grand verre d\u2019eau, de pr\u00e9f\u00e9rence apr\u00e8s un repas.<\/p>\n","protected":false},"excerpt":{"rendered":"<p>Zinc Duo \u2013 BioTechUSA : 25 mg de zinc hautement assimilable (bisglycinate + gluconate). Soutien immunitaire, vitalit\u00e9, peau, cheveux et m\u00e9tabolisme. 60 comprim\u00e9s = 60 jours de bien-\u00eatre.<\/p>\n","protected":false},"featured_media":6489,"template":"","meta":{"site-sidebar-layout":"default","site-content-layout":"","ast-site-content-layout":"default","site-content-style":"default","site-sidebar-style":"default","ast-global-header-display":"","ast-banner-title-visibility":"","ast-main-header-display":"","ast-hfb-above-header-display":"","ast-hfb-below-header-display":"","ast-hfb-mobile-header-display":"","site-post-title":"","ast-breadcrumbs-content":"","ast-featured-img":"","footer-sml-layout":"","theme-transparent-header-meta":"default","adv-header-id-meta":"","stick-header-meta":"","header-above-stick-meta":"","header-main-stick-meta":"","header-below-stick-meta":"","astra-migrate-meta-layouts":"set","ast-page-background-enabled":"default","ast-page-background-meta":{"desktop":{"background-color":"","background-image":"","background-repeat":"repeat","background-position":"center center","background-size":"auto","background-attachment":"scroll","background-type":"","background-media":"","overlay-type":"","overlay-color":"","overlay-opacity":"","overlay-gradient":""},"tablet":{"background-color":"","background-image":"","background-repeat":"repeat","background-position":"center center","background-size":"auto","background-attachment":"scroll","background-type":"","background-media":"","overlay-type":"","overlay-color":"","overlay-opacity":"","overlay-gradient":""},"mobile":{"background-color":"","background-image":"","background-repeat":"repeat","background-position":"center center","background-size":"auto","background-attachment":"scroll","background-type":"","background-media":"","overlay-type":"","overlay-color":"","overlay-opacity":"","overlay-gradient":""}},"ast-content-background-meta":{"desktop":{"background-color":"var(--ast-global-color-5)","background-image":"","background-repeat":"repeat","background-position":"center center","background-size":"auto","background-attachment":"scroll","background-type":"","background-media":"","overlay-type":"","overlay-color":"","overlay-opacity":"","overlay-gradient":""},"tablet":{"background-color":"var(--ast-global-color-5)","background-image":"","background-repeat":"repeat","background-position":"center center","background-size":"auto","background-attachment":"scroll","background-type":"","background-media":"","overlay-type":"","overlay-color":"","overlay-opacity":"","overlay-gradient":""},"mobile":{"background-color":"var(--ast-global-color-5)","background-image":"","background-repeat":"repeat","background-position":"center center","background-size":"auto","background-attachment":"scroll","background-type":"","background-media":"","overlay-type":"","overlay-color":"","overlay-opacity":"","overlay-gradient":""}}},"product_brand":[62],"product_cat":[58,75],"product_tag":[],"class_list":{"0":"post-6491","1":"product","2":"type-product","3":"status-publish","4":"has-post-thumbnail","6":"product_brand-biotech-usa","7":"product_cat-produits","8":"product_cat-acides-amines-tunisie","9":"desktop-align-center","10":"tablet-align-center","11":"mobile-align-center","13":"first","14":"instock","15":"shipping-taxable","16":"purchasable","17":"product-type-simple"},"_links":{"self":[{"href":"https:\/\/dietpartner.shop\/index.php?rest_route=\/wp\/v2\/product\/6491","targetHints":{"allow":["GET"]}}],"collection":[{"href":"https:\/\/dietpartner.shop\/index.php?rest_route=\/wp\/v2\/product"}],"about":[{"href":"https:\/\/dietpartner.shop\/index.php?rest_route=\/wp\/v2\/types\/product"}],"wp:featuredmedia":[{"embeddable":true,"href":"https:\/\/dietpartner.shop\/index.php?rest_route=\/wp\/v2\/media\/6489"}],"wp:attachment":[{"href":"https:\/\/dietpartner.shop\/index.php?rest_route=%2Fwp%2Fv2%2Fmedia&parent=6491"}],"wp:term":[{"taxonomy":"product_brand","embeddable":true,"href":"https:\/\/dietpartner.shop\/index.php?rest_route=%2Fwp%2Fv2%2Fproduct_brand&post=6491"},{"taxonomy":"product_cat","embeddable":true,"href":"https:\/\/dietpartner.shop\/index.php?rest_route=%2Fwp%2Fv2%2Fproduct_cat&post=6491"},{"taxonomy":"product_tag","embeddable":true,"href":"https:\/\/dietpartner.shop\/index.php?rest_route=%2Fwp%2Fv2%2Fproduct_tag&post=6491"}],"curies":[{"name":"wp","href":"https:\/\/api.w.org\/{rel}","templated":true}]}}