{"id":6493,"date":"2025-11-05T22:26:09","date_gmt":"2025-11-05T21:26:09","guid":{"rendered":"https:\/\/dietpartner.shop\/?post_type=product&#038;p=6493"},"modified":"2025-11-05T22:26:09","modified_gmt":"2025-11-05T21:26:09","slug":"marine-collagen-240gr","status":"publish","type":"product","link":"https:\/\/dietpartner.shop\/?product=marine-collagen-240gr","title":{"rendered":"MARINE COLLAGEN 240GR"},"content":{"rendered":"<p>\ud83c\udf0a\u00a0<strong data-start=\"157\" data-end=\"189\">Marine Collagen \u2013 BioTechUSA<br \/>\n<\/strong>\u2728 Beaut\u00e9, \u00e9lasticit\u00e9 et vitalit\u00e9 de la peau \u2014 de l\u2019int\u00e9rieur \ud83c\udf38<\/p>\n<p data-start=\"263\" data-end=\"630\">Rajeunis ta peau, renforce tes articulations et r\u00e9v\u00e8le ta beaut\u00e9 naturelle avec\u00a0<strong data-start=\"343\" data-end=\"376\">Marine Collagen de BioTechUSA<\/strong>, la formule hautement concentr\u00e9e en\u00a0<strong data-start=\"413\" data-end=\"442\">collag\u00e8ne marin hydrolys\u00e9<\/strong>\u00a0\ud83d\udc1f\ud83d\udca7.<br data-start=\"448\" data-end=\"451\" \/>Chaque portion t\u2019apporte\u00a0<strong data-start=\"476\" data-end=\"501\">10 g de collag\u00e8ne pur<\/strong>\u00a0et\u00a0<strong data-start=\"505\" data-end=\"528\">40 mg de vitamine C<\/strong>, pour une action compl\u00e8te sur la\u00a0<strong data-start=\"562\" data-end=\"623\">peau, les os, les cartilages, les tendons et les gencives<\/strong>\u00a0\ud83d\udcaa\ud83d\udc85<\/p>\n<hr data-start=\"632\" data-end=\"635\" \/>\n<p>\ud83d\udc8e\u00a0<strong data-start=\"644\" data-end=\"677\">Les atouts de Marine Collagen<\/strong><\/p>\n<p data-start=\"678\" data-end=\"1096\">\u2705\u00a0<strong data-start=\"680\" data-end=\"707\">10 g de collag\u00e8ne marin<\/strong>\u00a0par portion \u2014 pour une peau plus ferme et \u00e9clatante<br data-start=\"759\" data-end=\"762\" \/>\u2705\u00a0<strong data-start=\"764\" data-end=\"778\">Vitamine C<\/strong>\u00a0\u2014 favorise la production naturelle de collag\u00e8ne<br data-start=\"826\" data-end=\"829\" \/>\u2705\u00a0<strong data-start=\"831\" data-end=\"911\">Sans lactose, sans gluten, sans sucre, sans mati\u00e8re grasse ni huile de palme<\/strong><br data-start=\"911\" data-end=\"914\" \/>\u2705\u00a0<strong data-start=\"916\" data-end=\"952\">Am\u00e9liore la souplesse de la peau<\/strong>\u00a0et\u00a0<strong data-start=\"956\" data-end=\"999\">renforce les articulations et ligaments<\/strong><br data-start=\"999\" data-end=\"1002\" \/>\u2705\u00a0<strong data-start=\"1004\" data-end=\"1051\">Saveur rafra\u00eechissante th\u00e9 vert citronn\u00e9 \ud83c\udf4b<\/strong>, id\u00e9ale dans ta routine beaut\u00e9 quotidienne<\/p>\n<hr data-start=\"1098\" data-end=\"1101\" \/>\n<p>\ud83c\udf1f\u00a0<strong data-start=\"1110\" data-end=\"1134\">Pourquoi l\u2019adopter ?<\/strong><\/p>\n<p data-start=\"1135\" data-end=\"1535\">Avec l\u2019\u00e2ge, la production naturelle de collag\u00e8ne diminue, entra\u00eenant\u00a0<strong data-start=\"1204\" data-end=\"1258\">perte d\u2019\u00e9lasticit\u00e9, rides et douleurs articulaires<\/strong>.<br data-start=\"1259\" data-end=\"1262\" \/>Marine Collagen aide \u00e0\u00a0<strong data-start=\"1285\" data-end=\"1314\">stimuler cette production<\/strong>\u00a0et \u00e0\u00a0<strong data-start=\"1320\" data-end=\"1380\">restaurer l\u2019\u00e9clat, la tonicit\u00e9 et la jeunesse de la peau<\/strong>\u00a0\ud83c\udf39.<br data-start=\"1384\" data-end=\"1387\" \/>C\u2019est aussi un soutien pr\u00e9cieux pour les sportifs et toutes celles et ceux qui veulent pr\u00e9server\u00a0<strong data-start=\"1484\" data-end=\"1532\">souplesse, mobilit\u00e9 et bien-\u00eatre articulaire<\/strong>.<\/p>\n<hr data-start=\"1537\" data-end=\"1540\" \/>\n<p>\ud83e\uddcd\u200d\u2640\ufe0f\ud83e\uddcd\u200d\u2642\ufe0f\u00a0<strong data-start=\"1557\" data-end=\"1571\">Pour qui ?<\/strong><\/p>\n<ul data-start=\"1572\" data-end=\"1917\">\n<li data-start=\"1572\" data-end=\"1649\">\n<p data-start=\"1574\" data-end=\"1649\">Pour les femmes et les hommes souhaitant\u00a0<strong data-start=\"1615\" data-end=\"1647\">pr\u00e9server beaut\u00e9 et vitalit\u00e9<\/strong><\/p>\n<\/li>\n<li data-start=\"1650\" data-end=\"1742\">\n<p data-start=\"1652\" data-end=\"1742\">Pour celles et ceux qui pr\u00e9f\u00e8rent une\u00a0<strong data-start=\"1690\" data-end=\"1717\">boisson rafra\u00eechissante<\/strong>\u00a0plut\u00f4t que des g\u00e9lules<\/p>\n<\/li>\n<li data-start=\"1743\" data-end=\"1834\">\n<p data-start=\"1745\" data-end=\"1834\">Pour les\u00a0<strong data-start=\"1754\" data-end=\"1780\">g\u00e9n\u00e9rations plus \u00e2g\u00e9es<\/strong>\u00a0ou les\u00a0<strong data-start=\"1788\" data-end=\"1800\">sportifs<\/strong>\u00a0sollicitant leurs articulations<\/p>\n<\/li>\n<li data-start=\"1835\" data-end=\"1917\">\n<p data-start=\"1837\" data-end=\"1917\">Pour tous ceux qui veulent\u00a0<strong data-start=\"1864\" data-end=\"1915\">compl\u00e9ter leur routine sant\u00e9 &amp; beaut\u00e9 naturelle<\/strong><\/p>\n<\/li>\n<\/ul>\n<hr data-start=\"1919\" data-end=\"1922\" \/>\n<p>\ud83e\uddc3\u00a0<strong data-start=\"1931\" data-end=\"1946\">Utilisation<\/strong><\/p>\n<p data-start=\"1947\" data-end=\"2127\">M\u00e9langer\u00a0<strong data-start=\"1956\" data-end=\"1994\">12 g (\u2248 3 cuill\u00e8res \u00e0 soupe rases)<\/strong>\u00a0de poudre dans\u00a0<strong data-start=\"2010\" data-end=\"2026\">250 ml d\u2019eau<\/strong>\u00a0\u00e0 l\u2019aide d\u2019un shaker.<br data-start=\"2048\" data-end=\"2051\" \/>Prendre\u00a0<strong data-start=\"2059\" data-end=\"2082\">2 portions par jour<\/strong>\u00a0pour des r\u00e9sultats visibles et durables \ud83c\udf38<\/p>\n<hr data-start=\"2129\" data-end=\"2132\" \/>\n<p>\ud83e\uddfe\u00a0<strong data-start=\"2141\" data-end=\"2161\">Ingr\u00e9dients cl\u00e9s<\/strong><\/p>\n<p data-start=\"2162\" data-end=\"2378\">Collag\u00e8ne de poisson hydrolys\u00e9 (84 %), ar\u00f4mes naturels, vitamine C, acidifiants (acide malique, acide citrique), \u00e9dulcorant (sucralose), concentr\u00e9 de betterave, colorants naturels (carot\u00e8nes, chlorophyllines), sel.<\/p>\n<hr data-start=\"2380\" data-end=\"2383\" \/>\n<p>\ud83d\udcca\u00a0<strong data-start=\"2392\" data-end=\"2431\">Valeurs nutritionnelles (pour 12 g)<\/strong><\/p>\n<ul data-start=\"2432\" data-end=\"2602\">\n<li data-start=\"2432\" data-end=\"2454\">\n<p data-start=\"2434\" data-end=\"2454\">\u00c9nergie : 177 kcal<\/p>\n<\/li>\n<li data-start=\"2455\" data-end=\"2476\">\n<p data-start=\"2457\" data-end=\"2476\">Prot\u00e9ines : 9,6 g<\/p>\n<\/li>\n<li data-start=\"2477\" data-end=\"2503\">\n<p data-start=\"2479\" data-end=\"2503\">Collag\u00e8ne marin : 10 g<\/p>\n<\/li>\n<li data-start=\"2504\" data-end=\"2526\">\n<p data-start=\"2506\" data-end=\"2526\">Vitamine C : 40 mg<\/p>\n<\/li>\n<li data-start=\"2527\" data-end=\"2567\">\n<p data-start=\"2529\" data-end=\"2567\">Glucides : 0,6 g (dont sucres : 0 g)<\/p>\n<\/li>\n<li data-start=\"2568\" data-end=\"2585\">\n<p data-start=\"2570\" data-end=\"2585\">Lipides : 0 g<\/p>\n<\/li>\n<li data-start=\"2586\" data-end=\"2602\">\n<p data-start=\"2588\" data-end=\"2602\">Sel : 0,02 g<\/p>\n<\/li>\n<\/ul>\n<hr data-start=\"2604\" data-end=\"2607\" \/>\n<p>\u26a0\ufe0f\u00a0<strong data-start=\"2616\" data-end=\"2631\">Pr\u00e9cautions<\/strong><\/p>\n<p data-start=\"2632\" data-end=\"2841\">\ud83d\udeab Ne pas donner aux enfants, ni aux femmes enceintes ou allaitantes.<br data-start=\"2701\" data-end=\"2704\" \/>\ud83d\udca7 Ne pas d\u00e9passer la dose journali\u00e8re recommand\u00e9e.<br data-start=\"2755\" data-end=\"2758\" \/>\u00c0 consommer dans le cadre d\u2019un mode de vie sain et d\u2019une alimentation \u00e9quilibr\u00e9e.<\/p>\n","protected":false},"excerpt":{"rendered":"<p>Marine Collagen \u2013 BioTechUSA : 10 g de collag\u00e8ne marin + vitamine C pour une peau ferme, \u00e9clatante et des articulations souples. Sans sucre, sans gluten, sans lactose.<\/p>\n","protected":false},"featured_media":6494,"template":"","meta":{"site-sidebar-layout":"default","site-content-layout":"","ast-site-content-layout":"default","site-content-style":"default","site-sidebar-style":"default","ast-global-header-display":"","ast-banner-title-visibility":"","ast-main-header-display":"","ast-hfb-above-header-display":"","ast-hfb-below-header-display":"","ast-hfb-mobile-header-display":"","site-post-title":"","ast-breadcrumbs-content":"","ast-featured-img":"","footer-sml-layout":"","theme-transparent-header-meta":"default","adv-header-id-meta":"","stick-header-meta":"","header-above-stick-meta":"","header-main-stick-meta":"","header-below-stick-meta":"","astra-migrate-meta-layouts":"set","ast-page-background-enabled":"default","ast-page-background-meta":{"desktop":{"background-color":"","background-image":"","background-repeat":"repeat","background-position":"center center","background-size":"auto","background-attachment":"scroll","background-type":"","background-media":"","overlay-type":"","overlay-color":"","overlay-opacity":"","overlay-gradient":""},"tablet":{"background-color":"","background-image":"","background-repeat":"repeat","background-position":"center center","background-size":"auto","background-attachment":"scroll","background-type":"","background-media":"","overlay-type":"","overlay-color":"","overlay-opacity":"","overlay-gradient":""},"mobile":{"background-color":"","background-image":"","background-repeat":"repeat","background-position":"center center","background-size":"auto","background-attachment":"scroll","background-type":"","background-media":"","overlay-type":"","overlay-color":"","overlay-opacity":"","overlay-gradient":""}},"ast-content-background-meta":{"desktop":{"background-color":"var(--ast-global-color-5)","background-image":"","background-repeat":"repeat","background-position":"center center","background-size":"auto","background-attachment":"scroll","background-type":"","background-media":"","overlay-type":"","overlay-color":"","overlay-opacity":"","overlay-gradient":""},"tablet":{"background-color":"var(--ast-global-color-5)","background-image":"","background-repeat":"repeat","background-position":"center center","background-size":"auto","background-attachment":"scroll","background-type":"","background-media":"","overlay-type":"","overlay-color":"","overlay-opacity":"","overlay-gradient":""},"mobile":{"background-color":"var(--ast-global-color-5)","background-image":"","background-repeat":"repeat","background-position":"center center","background-size":"auto","background-attachment":"scroll","background-type":"","background-media":"","overlay-type":"","overlay-color":"","overlay-opacity":"","overlay-gradient":""}}},"product_brand":[62],"product_cat":[58,57],"product_tag":[],"class_list":{"0":"post-6493","1":"product","2":"type-product","3":"status-publish","4":"has-post-thumbnail","6":"product_brand-biotech-usa","7":"product_cat-produits","8":"product_cat-vitamine-mineraux","9":"desktop-align-center","10":"tablet-align-center","11":"mobile-align-center","13":"first","14":"instock","15":"shipping-taxable","16":"purchasable","17":"product-type-simple"},"_links":{"self":[{"href":"https:\/\/dietpartner.shop\/index.php?rest_route=\/wp\/v2\/product\/6493","targetHints":{"allow":["GET"]}}],"collection":[{"href":"https:\/\/dietpartner.shop\/index.php?rest_route=\/wp\/v2\/product"}],"about":[{"href":"https:\/\/dietpartner.shop\/index.php?rest_route=\/wp\/v2\/types\/product"}],"wp:featuredmedia":[{"embeddable":true,"href":"https:\/\/dietpartner.shop\/index.php?rest_route=\/wp\/v2\/media\/6494"}],"wp:attachment":[{"href":"https:\/\/dietpartner.shop\/index.php?rest_route=%2Fwp%2Fv2%2Fmedia&parent=6493"}],"wp:term":[{"taxonomy":"product_brand","embeddable":true,"href":"https:\/\/dietpartner.shop\/index.php?rest_route=%2Fwp%2Fv2%2Fproduct_brand&post=6493"},{"taxonomy":"product_cat","embeddable":true,"href":"https:\/\/dietpartner.shop\/index.php?rest_route=%2Fwp%2Fv2%2Fproduct_cat&post=6493"},{"taxonomy":"product_tag","embeddable":true,"href":"https:\/\/dietpartner.shop\/index.php?rest_route=%2Fwp%2Fv2%2Fproduct_tag&post=6493"}],"curies":[{"name":"wp","href":"https:\/\/api.w.org\/{rel}","templated":true}]}}