{"id":6495,"date":"2025-11-05T22:28:03","date_gmt":"2025-11-05T21:28:03","guid":{"rendered":"https:\/\/dietpartner.shop\/?post_type=product&#038;p=6495"},"modified":"2025-11-05T22:28:03","modified_gmt":"2025-11-05T21:28:03","slug":"l-carnitine-1000","status":"publish","type":"product","link":"https:\/\/dietpartner.shop\/?product=l-carnitine-1000","title":{"rendered":"L-CARNITINE 1000"},"content":{"rendered":"<h2 data-start=\"173\" data-end=\"217\">\ud83d\udd25\u00a0<strong data-start=\"179\" data-end=\"215\">L-Carnitine 1000 mg \u2013 BioTechUSA<\/strong><\/h2>\n<p data-start=\"218\" data-end=\"294\"><strong data-start=\"218\" data-end=\"294\">Transformez vos graisses en \u00e9nergie pure \u26a1 et boostez vos performances !<\/strong><\/p>\n<p data-start=\"296\" data-end=\"502\"><strong data-start=\"296\" data-end=\"319\">L-Carnitine 1000 mg<\/strong>\u00a0de\u00a0<strong data-start=\"323\" data-end=\"337\">BioTechUSA<\/strong>\u00a0est le partenaire id\u00e9al pour tous ceux qui souhaitent\u00a0<strong data-start=\"392\" data-end=\"422\">optimiser leur m\u00e9tabolisme<\/strong>,\u00a0<strong data-start=\"424\" data-end=\"452\">am\u00e9liorer leur endurance<\/strong>\u00a0et\u00a0<strong data-start=\"456\" data-end=\"496\">favoriser la combustion des graisses<\/strong>. \ud83d\udcaa<\/p>\n<p data-start=\"504\" data-end=\"775\">Chaque comprim\u00e9 renferme\u00a0<strong data-start=\"529\" data-end=\"566\">1000 mg de L-Carnitine L-Tartrate<\/strong>, une forme hautement biodisponible de L-carnitine, reconnue pour son r\u00f4le essentiel dans le\u00a0<strong data-start=\"659\" data-end=\"718\">transport des acides gras vers les cellules musculaires<\/strong>, o\u00f9 ils sont transform\u00e9s en\u00a0<strong data-start=\"747\" data-end=\"769\">\u00e9nergie utilisable<\/strong>\u00a0\ud83d\udd25.<\/p>\n<hr data-start=\"777\" data-end=\"780\" \/>\n<h3 data-start=\"782\" data-end=\"828\">\u26a1\ufe0f\u00a0<strong data-start=\"789\" data-end=\"828\">Les atouts de L-Carnitine 1000 mg :<\/strong><\/h3>\n<p data-start=\"829\" data-end=\"1147\">\u2705 Favorise la\u00a0<strong data-start=\"843\" data-end=\"870\">combustion des graisses<\/strong>\u00a0pendant l\u2019effort<br data-start=\"887\" data-end=\"890\" \/>\u2705 Aide \u00e0\u00a0<strong data-start=\"899\" data-end=\"951\">am\u00e9liorer la performance et l\u2019endurance physique<\/strong><br data-start=\"951\" data-end=\"954\" \/>\u2705 Soutient la\u00a0<strong data-start=\"968\" data-end=\"995\">r\u00e9cup\u00e9ration musculaire<\/strong>\u00a0apr\u00e8s l\u2019entra\u00eenement<br data-start=\"1016\" data-end=\"1019\" \/>\u2705 Contribue \u00e0 un\u00a0<strong data-start=\"1036\" data-end=\"1071\">m\u00e9tabolisme \u00e9nerg\u00e9tique optimal<\/strong><br data-start=\"1071\" data-end=\"1074\" \/>\u2705 Produit\u00a0<strong data-start=\"1084\" data-end=\"1099\">sans gluten<\/strong>, conforme aux standards de qualit\u00e9 BioTechUSA<\/p>\n<hr data-start=\"1149\" data-end=\"1152\" \/>\n<h3 data-start=\"1154\" data-end=\"1177\">\ud83d\udc64\u00a0<strong data-start=\"1161\" data-end=\"1177\">Id\u00e9al pour :<\/strong><\/h3>\n<ul data-start=\"1178\" data-end=\"1409\">\n<li data-start=\"1178\" data-end=\"1243\">\n<p data-start=\"1180\" data-end=\"1243\">Les sportifs cherchant \u00e0\u00a0<strong data-start=\"1205\" data-end=\"1234\">maximiser leurs r\u00e9sultats<\/strong>\u00a0\ud83c\udfcb\ufe0f\u200d\u2642\ufe0f<\/p>\n<\/li>\n<li data-start=\"1244\" data-end=\"1295\">\n<p data-start=\"1246\" data-end=\"1295\">Les personnes en\u00a0<strong data-start=\"1263\" data-end=\"1290\">phase de perte de poids<\/strong>\u00a0\ud83d\udd25<\/p>\n<\/li>\n<li data-start=\"1296\" data-end=\"1350\">\n<p data-start=\"1298\" data-end=\"1350\">Ceux qui veulent\u00a0<strong data-start=\"1315\" data-end=\"1333\">plus d\u2019\u00e9nergie<\/strong>\u00a0au quotidien \u26a1<\/p>\n<\/li>\n<li data-start=\"1351\" data-end=\"1409\">\n<p data-start=\"1353\" data-end=\"1409\">Les adeptes d\u2019un\u00a0<strong data-start=\"1370\" data-end=\"1404\">mode de vie actif et \u00e9quilibr\u00e9<\/strong>\u00a0\ud83c\udf3f<\/p>\n<\/li>\n<\/ul>\n<hr data-start=\"1411\" data-end=\"1414\" \/>\n<h3 data-start=\"1416\" data-end=\"1440\">\ud83d\udca7\u00a0<strong data-start=\"1423\" data-end=\"1440\">Utilisation :<\/strong><\/h3>\n<p data-start=\"1441\" data-end=\"1598\">Prenez\u00a0<strong data-start=\"1448\" data-end=\"1471\">1 comprim\u00e9 par jour<\/strong>, accompagn\u00e9 de\u00a0<strong data-start=\"1487\" data-end=\"1505\">beaucoup d\u2019eau<\/strong>, de pr\u00e9f\u00e9rence avant l\u2019entra\u00eenement.<br data-start=\"1542\" data-end=\"1545\" \/>\u26a0\ufe0f\u00a0<em data-start=\"1548\" data-end=\"1598\">Ne pas d\u00e9passer la dose journali\u00e8re recommand\u00e9e.<\/em><\/p>\n<hr data-start=\"1600\" data-end=\"1603\" \/>\n<h3 data-start=\"1605\" data-end=\"1629\">\ud83e\uddea\u00a0<strong data-start=\"1612\" data-end=\"1629\">Composition :<\/strong><\/h3>\n<ul data-start=\"1630\" data-end=\"1772\">\n<li data-start=\"1630\" data-end=\"1683\">\n<p data-start=\"1632\" data-end=\"1683\"><strong data-start=\"1632\" data-end=\"1681\">L-Carnitine L-Tartrate (1000 mg par comprim\u00e9)<\/strong><\/p>\n<\/li>\n<li data-start=\"1684\" data-end=\"1772\">\n<p data-start=\"1686\" data-end=\"1772\">Excipients : cellulose microcristalline, st\u00e9arate de magn\u00e9sium, dioxyde de silicium.<\/p>\n<\/li>\n<\/ul>\n<p data-start=\"1774\" data-end=\"1869\">Une formule\u00a0<strong data-start=\"1786\" data-end=\"1812\">pure, efficace et s\u00fbre<\/strong>, conforme aux\u00a0<strong data-start=\"1827\" data-end=\"1862\">exigences de qualit\u00e9 BioTechUSA<\/strong>\u00a0\ud83c\udded\ud83c\uddfa<\/p>\n<hr data-start=\"1871\" data-end=\"1874\" \/>\n<h3 data-start=\"1876\" data-end=\"1900\">\u26a0\ufe0f\u00a0<strong data-start=\"1883\" data-end=\"1900\">Pr\u00e9cautions :<\/strong><\/h3>\n<p>&nbsp;<\/p>\n<p data-start=\"1901\" data-end=\"2111\">\ud83d\udeab Ne pas d\u00e9passer la dose quotidienne recommand\u00e9e.<br data-start=\"1952\" data-end=\"1955\" \/>\u2757 \u00c0 utiliser dans le cadre d\u2019une alimentation \u00e9quilibr\u00e9e et d\u2019un mode de vie sain.<br data-start=\"2037\" data-end=\"2040\" \/>\ud83d\udca7 Boire suffisamment d\u2019eau pendant la journ\u00e9e pour un effet optimal.<\/p>\n","protected":false},"excerpt":{"rendered":"<p>Boostez vos performances et br\u00fblez les graisses avec L-Carnitine 1000 mg de BioTechUSA \u2014 1000 mg de pure \u00e9nergie pour un m\u00e9tabolisme actif et une r\u00e9cup\u00e9ration optimale !<\/p>\n","protected":false},"featured_media":6496,"template":"","meta":{"site-sidebar-layout":"default","site-content-layout":"","ast-site-content-layout":"default","site-content-style":"default","site-sidebar-style":"default","ast-global-header-display":"","ast-banner-title-visibility":"","ast-main-header-display":"","ast-hfb-above-header-display":"","ast-hfb-below-header-display":"","ast-hfb-mobile-header-display":"","site-post-title":"","ast-breadcrumbs-content":"","ast-featured-img":"","footer-sml-layout":"","theme-transparent-header-meta":"default","adv-header-id-meta":"","stick-header-meta":"","header-above-stick-meta":"","header-main-stick-meta":"","header-below-stick-meta":"","astra-migrate-meta-layouts":"set","ast-page-background-enabled":"default","ast-page-background-meta":{"desktop":{"background-color":"","background-image":"","background-repeat":"repeat","background-position":"center center","background-size":"auto","background-attachment":"scroll","background-type":"","background-media":"","overlay-type":"","overlay-color":"","overlay-opacity":"","overlay-gradient":""},"tablet":{"background-color":"","background-image":"","background-repeat":"repeat","background-position":"center center","background-size":"auto","background-attachment":"scroll","background-type":"","background-media":"","overlay-type":"","overlay-color":"","overlay-opacity":"","overlay-gradient":""},"mobile":{"background-color":"","background-image":"","background-repeat":"repeat","background-position":"center center","background-size":"auto","background-attachment":"scroll","background-type":"","background-media":"","overlay-type":"","overlay-color":"","overlay-opacity":"","overlay-gradient":""}},"ast-content-background-meta":{"desktop":{"background-color":"var(--ast-global-color-5)","background-image":"","background-repeat":"repeat","background-position":"center center","background-size":"auto","background-attachment":"scroll","background-type":"","background-media":"","overlay-type":"","overlay-color":"","overlay-opacity":"","overlay-gradient":""},"tablet":{"background-color":"var(--ast-global-color-5)","background-image":"","background-repeat":"repeat","background-position":"center center","background-size":"auto","background-attachment":"scroll","background-type":"","background-media":"","overlay-type":"","overlay-color":"","overlay-opacity":"","overlay-gradient":""},"mobile":{"background-color":"var(--ast-global-color-5)","background-image":"","background-repeat":"repeat","background-position":"center center","background-size":"auto","background-attachment":"scroll","background-type":"","background-media":"","overlay-type":"","overlay-color":"","overlay-opacity":"","overlay-gradient":""}}},"product_brand":[62],"product_cat":[58,60],"product_tag":[],"class_list":{"0":"post-6495","1":"product","2":"type-product","3":"status-publish","4":"has-post-thumbnail","6":"product_brand-biotech-usa","7":"product_cat-produits","8":"product_cat-bruleurs-de-graisse","9":"desktop-align-center","10":"tablet-align-center","11":"mobile-align-center","13":"first","14":"instock","15":"shipping-taxable","16":"purchasable","17":"product-type-simple"},"_links":{"self":[{"href":"https:\/\/dietpartner.shop\/index.php?rest_route=\/wp\/v2\/product\/6495","targetHints":{"allow":["GET"]}}],"collection":[{"href":"https:\/\/dietpartner.shop\/index.php?rest_route=\/wp\/v2\/product"}],"about":[{"href":"https:\/\/dietpartner.shop\/index.php?rest_route=\/wp\/v2\/types\/product"}],"wp:featuredmedia":[{"embeddable":true,"href":"https:\/\/dietpartner.shop\/index.php?rest_route=\/wp\/v2\/media\/6496"}],"wp:attachment":[{"href":"https:\/\/dietpartner.shop\/index.php?rest_route=%2Fwp%2Fv2%2Fmedia&parent=6495"}],"wp:term":[{"taxonomy":"product_brand","embeddable":true,"href":"https:\/\/dietpartner.shop\/index.php?rest_route=%2Fwp%2Fv2%2Fproduct_brand&post=6495"},{"taxonomy":"product_cat","embeddable":true,"href":"https:\/\/dietpartner.shop\/index.php?rest_route=%2Fwp%2Fv2%2Fproduct_cat&post=6495"},{"taxonomy":"product_tag","embeddable":true,"href":"https:\/\/dietpartner.shop\/index.php?rest_route=%2Fwp%2Fv2%2Fproduct_tag&post=6495"}],"curies":[{"name":"wp","href":"https:\/\/api.w.org\/{rel}","templated":true}]}}