{"id":6548,"date":"2025-12-13T16:00:48","date_gmt":"2025-12-13T15:00:48","guid":{"rendered":"https:\/\/dietpartner.shop\/?post_type=product&#038;p=6548"},"modified":"2025-12-16T10:39:56","modified_gmt":"2025-12-16T09:39:56","slug":"universal-gh-max","status":"publish","type":"product","link":"https:\/\/dietpartner.shop\/?product=universal-gh-max","title":{"rendered":"UNIVERSAL GH MAX"},"content":{"rendered":"","protected":false},"excerpt":{"rendered":"<p><strong>GH Max<\/strong>\u00a0est un suppl\u00e9ment nutritionnel d\u00e9velopp\u00e9 par\u00a0<strong>Universal Nutrition<\/strong>\u00a0pour les athl\u00e8tes cherchant \u00e0 optimiser leur entra\u00eenement. Formul\u00e9 avec de l&rsquo;<strong>arginine<\/strong>, de l&rsquo;<strong>ornithine<\/strong>\u00a0et de la\u00a0<strong>vitamine B6<\/strong>, il agit comme un stimulant puissant de l&rsquo;<strong>oxyde nitrique<\/strong>, favorisant ainsi la\u00a0<strong>production naturelle de l&rsquo;hormone de croissance<\/strong>. Cette formule unique est con\u00e7ue pour soutenir la\u00a0<strong>croissance musculaire<\/strong>, am\u00e9liorer la\u00a0<strong>r\u00e9cup\u00e9ration<\/strong>\u00a0et optimiser les\u00a0<strong>performances<\/strong>\u00a0lors des s\u00e9ances d&rsquo;entra\u00eenement.<\/p>\n","protected":false},"featured_media":6549,"template":"","meta":{"site-sidebar-layout":"default","site-content-layout":"","ast-site-content-layout":"default","site-content-style":"default","site-sidebar-style":"default","ast-global-header-display":"","ast-banner-title-visibility":"","ast-main-header-display":"","ast-hfb-above-header-display":"","ast-hfb-below-header-display":"","ast-hfb-mobile-header-display":"","site-post-title":"","ast-breadcrumbs-content":"","ast-featured-img":"","footer-sml-layout":"","theme-transparent-header-meta":"default","adv-header-id-meta":"","stick-header-meta":"","header-above-stick-meta":"","header-main-stick-meta":"","header-below-stick-meta":"","astra-migrate-meta-layouts":"set","ast-page-background-enabled":"default","ast-page-background-meta":{"desktop":{"background-color":"","background-image":"","background-repeat":"repeat","background-position":"center center","background-size":"auto","background-attachment":"scroll","background-type":"","background-media":"","overlay-type":"","overlay-color":"","overlay-opacity":"","overlay-gradient":""},"tablet":{"background-color":"","background-image":"","background-repeat":"repeat","background-position":"center center","background-size":"auto","background-attachment":"scroll","background-type":"","background-media":"","overlay-type":"","overlay-color":"","overlay-opacity":"","overlay-gradient":""},"mobile":{"background-color":"","background-image":"","background-repeat":"repeat","background-position":"center center","background-size":"auto","background-attachment":"scroll","background-type":"","background-media":"","overlay-type":"","overlay-color":"","overlay-opacity":"","overlay-gradient":""}},"ast-content-background-meta":{"desktop":{"background-color":"var(--ast-global-color-5)","background-image":"","background-repeat":"repeat","background-position":"center center","background-size":"auto","background-attachment":"scroll","background-type":"","background-media":"","overlay-type":"","overlay-color":"","overlay-opacity":"","overlay-gradient":""},"tablet":{"background-color":"var(--ast-global-color-5)","background-image":"","background-repeat":"repeat","background-position":"center center","background-size":"auto","background-attachment":"scroll","background-type":"","background-media":"","overlay-type":"","overlay-color":"","overlay-opacity":"","overlay-gradient":""},"mobile":{"background-color":"var(--ast-global-color-5)","background-image":"","background-repeat":"repeat","background-position":"center center","background-size":"auto","background-attachment":"scroll","background-type":"","background-media":"","overlay-type":"","overlay-color":"","overlay-opacity":"","overlay-gradient":""}}},"product_brand":[90],"product_cat":[85,74,58],"product_tag":[],"class_list":{"0":"post-6548","1":"product","2":"type-product","3":"status-publish","4":"has-post-thumbnail","6":"product_brand-animal-universal","7":"product_cat-energetique","8":"product_cat-pre-workout","9":"product_cat-produits","10":"desktop-align-center","11":"tablet-align-center","12":"mobile-align-center","14":"first","15":"instock","16":"shipping-taxable","17":"purchasable","18":"product-type-simple"},"_links":{"self":[{"href":"https:\/\/dietpartner.shop\/index.php?rest_route=\/wp\/v2\/product\/6548","targetHints":{"allow":["GET"]}}],"collection":[{"href":"https:\/\/dietpartner.shop\/index.php?rest_route=\/wp\/v2\/product"}],"about":[{"href":"https:\/\/dietpartner.shop\/index.php?rest_route=\/wp\/v2\/types\/product"}],"wp:featuredmedia":[{"embeddable":true,"href":"https:\/\/dietpartner.shop\/index.php?rest_route=\/wp\/v2\/media\/6549"}],"wp:attachment":[{"href":"https:\/\/dietpartner.shop\/index.php?rest_route=%2Fwp%2Fv2%2Fmedia&parent=6548"}],"wp:term":[{"taxonomy":"product_brand","embeddable":true,"href":"https:\/\/dietpartner.shop\/index.php?rest_route=%2Fwp%2Fv2%2Fproduct_brand&post=6548"},{"taxonomy":"product_cat","embeddable":true,"href":"https:\/\/dietpartner.shop\/index.php?rest_route=%2Fwp%2Fv2%2Fproduct_cat&post=6548"},{"taxonomy":"product_tag","embeddable":true,"href":"https:\/\/dietpartner.shop\/index.php?rest_route=%2Fwp%2Fv2%2Fproduct_tag&post=6548"}],"curies":[{"name":"wp","href":"https:\/\/api.w.org\/{rel}","templated":true}]}}