{"id":6598,"date":"2026-02-18T10:38:40","date_gmt":"2026-02-18T09:38:40","guid":{"rendered":"https:\/\/dietpartner.shop\/?post_type=product&#038;p=6598"},"modified":"2026-02-18T10:38:40","modified_gmt":"2026-02-18T09:38:40","slug":"iso-whey-muscultech-2270-platinum-creatine-400-gr-shaker","status":"publish","type":"product","link":"https:\/\/dietpartner.shop\/?product=iso-whey-muscultech-2270-platinum-creatine-400-gr-shaker","title":{"rendered":"ISO WHEY MUSCULTECH 2,270 + PLATINUM CREATINE 400 GR + SHAKER"},"content":{"rendered":"<p>Passe au niveau sup\u00e9rieur avec une combinaison pens\u00e9e pour les athl\u00e8tes exigeants.<\/p>\n<p>Le pack associe :<br \/>\n\u2022 Platinum Creatine 400 GR\u00a0 \u2013 pour maximiser la force, la puissance et la r\u00e9cup\u00e9ration.<br \/>\n\u2022 ISO Whey 2,270 GR \u2013 une prot\u00e9ine isolate de haute qualit\u00e9 pour soutenir la construction musculaire s\u00e8che.<br \/>\n\u2022 Shaker premium \u2013 pratique, robuste et pr\u00eat \u00e0 t\u2019accompagner partout.<\/p>\n<p>Id\u00e9al pour optimiser tes performances, acc\u00e9l\u00e9rer ta progression et construire une masse musculaire propre et efficace.<\/p>\n","protected":false},"excerpt":{"rendered":"<p>Passe au niveau sup\u00e9rieur avec une combinaison pens\u00e9e pour les athl\u00e8tes exigeants<\/p>\n<p>Platinum Creatine 400 GR + ISO Whey MUSCULTECH\u00a0 2,270 GR + Shaker premium<\/p>\n","protected":false},"featured_media":6601,"template":"","meta":{"site-sidebar-layout":"default","site-content-layout":"","ast-site-content-layout":"default","site-content-style":"default","site-sidebar-style":"default","ast-global-header-display":"","ast-banner-title-visibility":"","ast-main-header-display":"","ast-hfb-above-header-display":"","ast-hfb-below-header-display":"","ast-hfb-mobile-header-display":"","site-post-title":"","ast-breadcrumbs-content":"","ast-featured-img":"","footer-sml-layout":"","theme-transparent-header-meta":"default","adv-header-id-meta":"","stick-header-meta":"","header-above-stick-meta":"","header-main-stick-meta":"","header-below-stick-meta":"","astra-migrate-meta-layouts":"set","ast-page-background-enabled":"default","ast-page-background-meta":{"desktop":{"background-color":"","background-image":"","background-repeat":"repeat","background-position":"center center","background-size":"auto","background-attachment":"scroll","background-type":"","background-media":"","overlay-type":"","overlay-color":"","overlay-opacity":"","overlay-gradient":""},"tablet":{"background-color":"","background-image":"","background-repeat":"repeat","background-position":"center center","background-size":"auto","background-attachment":"scroll","background-type":"","background-media":"","overlay-type":"","overlay-color":"","overlay-opacity":"","overlay-gradient":""},"mobile":{"background-color":"","background-image":"","background-repeat":"repeat","background-position":"center center","background-size":"auto","background-attachment":"scroll","background-type":"","background-media":"","overlay-type":"","overlay-color":"","overlay-opacity":"","overlay-gradient":""}},"ast-content-background-meta":{"desktop":{"background-color":"var(--ast-global-color-5)","background-image":"","background-repeat":"repeat","background-position":"center center","background-size":"auto","background-attachment":"scroll","background-type":"","background-media":"","overlay-type":"","overlay-color":"","overlay-opacity":"","overlay-gradient":""},"tablet":{"background-color":"var(--ast-global-color-5)","background-image":"","background-repeat":"repeat","background-position":"center center","background-size":"auto","background-attachment":"scroll","background-type":"","background-media":"","overlay-type":"","overlay-color":"","overlay-opacity":"","overlay-gradient":""},"mobile":{"background-color":"var(--ast-global-color-5)","background-image":"","background-repeat":"repeat","background-position":"center center","background-size":"auto","background-attachment":"scroll","background-type":"","background-media":"","overlay-type":"","overlay-color":"","overlay-opacity":"","overlay-gradient":""}}},"product_brand":[65],"product_cat":[83,82,59],"product_tag":[],"class_list":{"0":"post-6598","1":"product","2":"type-product","3":"status-publish","4":"has-post-thumbnail","6":"product_brand-muscultech","7":"product_cat-prise-de-muscle","8":"product_cat-promo","9":"product_cat-whey-proteine","10":"desktop-align-center","11":"tablet-align-center","12":"mobile-align-center","14":"first","15":"instock","16":"sale","17":"shipping-taxable","18":"purchasable","19":"product-type-simple"},"_links":{"self":[{"href":"https:\/\/dietpartner.shop\/index.php?rest_route=\/wp\/v2\/product\/6598","targetHints":{"allow":["GET"]}}],"collection":[{"href":"https:\/\/dietpartner.shop\/index.php?rest_route=\/wp\/v2\/product"}],"about":[{"href":"https:\/\/dietpartner.shop\/index.php?rest_route=\/wp\/v2\/types\/product"}],"wp:featuredmedia":[{"embeddable":true,"href":"https:\/\/dietpartner.shop\/index.php?rest_route=\/wp\/v2\/media\/6601"}],"wp:attachment":[{"href":"https:\/\/dietpartner.shop\/index.php?rest_route=%2Fwp%2Fv2%2Fmedia&parent=6598"}],"wp:term":[{"taxonomy":"product_brand","embeddable":true,"href":"https:\/\/dietpartner.shop\/index.php?rest_route=%2Fwp%2Fv2%2Fproduct_brand&post=6598"},{"taxonomy":"product_cat","embeddable":true,"href":"https:\/\/dietpartner.shop\/index.php?rest_route=%2Fwp%2Fv2%2Fproduct_cat&post=6598"},{"taxonomy":"product_tag","embeddable":true,"href":"https:\/\/dietpartner.shop\/index.php?rest_route=%2Fwp%2Fv2%2Fproduct_tag&post=6598"}],"curies":[{"name":"wp","href":"https:\/\/api.w.org\/{rel}","templated":true}]}}